{"id":1040,"date":"2019-04-23T19:55:09","date_gmt":"2019-04-23T17:55:09","guid":{"rendered":"http:\/\/urbarhornaves.sk\/?page_id=1040"},"modified":"2019-12-23T13:23:05","modified_gmt":"2019-12-23T11:23:05","slug":"faktury-vystavene-rok-2019","status":"publish","type":"page","link":"http:\/\/urbarhornaves.sk\/?page_id=1040","title":{"rendered":"Fakt\u00fary vystaven\u00e9 \u2013 rok 2019"},"content":{"rendered":"<p><a href=\"http:\/\/urbarhornaves.sk\/wp-content\/uploads\/1_2019.pdf\" target=\"_blank\"><span style=\"color: #99cc00;\"><strong> 1 &#8211; 2019 Dvorsk\u00fd Ivan<\/strong><\/span><\/a><br \/>\n<a href=\"http:\/\/urbarhornaves.sk\/wp-content\/uploads\/2_2019.pdf\" target=\"_blank\"><span style=\"color: #99cc00;\"><strong> 2 &#8211; 2019 R\u00edmskokat. cirkev<\/strong><\/span><\/a><br \/>\n<a href=\"http:\/\/urbarhornaves.sk\/wp-content\/uploads\/3_2019.pdf\" target=\"_blank\"><span style=\"color: #99cc00;\"><strong> 3 &#8211; 2019 Kme\u0165ov\u00e1 Anna<\/strong><\/span><\/a><br \/>\n<a href=\"http:\/\/urbarhornaves.sk\/wp-content\/uploads\/4_2019.pdf\" target=\"_blank\"><span style=\"color: #99cc00;\"><strong> 4 &#8211; 2019 L\u00e1bo Jozef<\/strong><\/span><\/a><br \/>\n<a href=\"http:\/\/urbarhornaves.sk\/wp-content\/uploads\/5_2019.pdf\" target=\"_blank\"><span style=\"color: #99cc00;\"><strong> 5 &#8211; 2019 Zelenka Peter<\/strong><\/span><\/a><br \/>\n<a href=\"http:\/\/urbarhornaves.sk\/wp-content\/uploads\/6_2019.pdf\" target=\"_blank\"><span style=\"color: #99cc00;\"><strong> 6 &#8211; 2019 Valenteje \u0160tefan<\/strong><\/span><\/a><br \/>\n<a href=\"http:\/\/urbarhornaves.sk\/wp-content\/uploads\/7_2019.pdf\" target=\"_blank\"><span style=\"color: #99cc00;\"><strong> 7 &#8211; 2019 Ruskov\u00e1 Nat\u00e1lia<\/strong><\/span><\/a><br \/>\n<a href=\"http:\/\/urbarhornaves.sk\/wp-content\/uploads\/8_2019.pdf\" target=\"_blank\"><span style=\"color: #99cc00;\"><strong> 8 &#8211; 2019 Pivar\u010di<\/strong><\/span><\/a><br \/>\n<a href=\"http:\/\/urbarhornaves.sk\/wp-content\/uploads\/9_2019.pdf\" target=\"_blank\"><span style=\"color: #99cc00;\"><strong> 9 &#8211; 2019 \u010cmiko \u0160tefan<\/strong><\/span><\/a><br \/>\n<a href=\"http:\/\/urbarhornaves.sk\/wp-content\/uploads\/10_2019.pdf\" target=\"_blank\"><span style=\"color: #99cc00;\"><strong> 10 &#8211; 2019 Kme\u0165 Tom\u00e1\u0161<\/strong><\/span><\/a><br \/>\n<a href=\"http:\/\/urbarhornaves.sk\/wp-content\/uploads\/11_2019.pdf\" target=\"_blank\"><span style=\"color: #99cc00;\"><strong> 11 &#8211; 2019 Jamri\u0161ka Vladislav<\/strong><\/span><\/a><br \/>\n<a href=\"http:\/\/urbarhornaves.sk\/wp-content\/uploads\/12_2019.pdf\" target=\"_blank\"><span style=\"color: #99cc00;\"><strong> 12 &#8211; 2019 Jankula Jozef<\/strong><\/span><\/a><br \/>\n<a href=\"http:\/\/urbarhornaves.sk\/wp-content\/uploads\/13_2019.pdf\" target=\"_blank\"><span style=\"color: #99cc00;\"><strong> 13 &#8211; 2019 \u0160koda Patrik<\/strong><\/span><\/a><br \/>\n<a href=\"http:\/\/urbarhornaves.sk\/wp-content\/uploads\/14_2019.pdf\" target=\"_blank\"><span style=\"color: #99cc00;\"><strong> 14 &#8211; 2019 Schnierer Pavol<\/strong><\/span><\/a><br \/>\n<a href=\"http:\/\/urbarhornaves.sk\/wp-content\/uploads\/15_2019.pdf\" target=\"_blank\"><span style=\"color: #99cc00;\"><strong> 15 &#8211; 2019 Folt\u00e1n \u0160tefan<\/strong><\/span><\/a><br \/>\n<a href=\"http:\/\/urbarhornaves.sk\/wp-content\/uploads\/16_2019.pdf\" target=\"_blank\"><span style=\"color: #99cc00;\"><strong> 16 &#8211; 2019 Kme\u0165ov\u00e1 Eva<\/strong><\/span><\/a><br \/>\n<a href=\"http:\/\/urbarhornaves.sk\/wp-content\/uploads\/17_2019.pdf\" target=\"_blank\"><span style=\"color: #99cc00;\"><strong> 17 &#8211; 2019 R\u00edmskokat. cirkev<\/strong><\/span><\/a><br \/>\n<a href=\"http:\/\/urbarhornaves.sk\/wp-content\/uploads\/18_2019.pdf\" target=\"_blank\"><span style=\"color: #99cc00;\"><strong> 18 &#8211; 2019 Hoz\u00e1k Mari\u00e1n<\/strong><\/span><\/a><br \/>\n<a href=\"http:\/\/urbarhornaves.sk\/wp-content\/uploads\/19_2019.pdf\" target=\"_blank\"><span style=\"color: #99cc00;\"><strong> 19 &#8211; 2019 Belianska M\u00e1ria<\/strong><\/span><\/a><br \/>\n<a href=\"http:\/\/urbarhornaves.sk\/wp-content\/uploads\/20_2019.pdf\" target=\"_blank\"><span style=\"color: #99cc00;\"><strong> 20 &#8211; 2019 \u010cmikov\u00e1 Eva<\/strong><\/span><\/a><br \/>\n<a href=\"http:\/\/urbarhornaves.sk\/wp-content\/uploads\/21_2019.pdf\" target=\"_blank\"><span style=\"color: #99cc00;\"><strong> 21 &#8211; 2019 R\u00edmskokat. cirkev<\/strong><\/span><\/a><br \/>\n<a href=\"http:\/\/urbarhornaves.sk\/wp-content\/uploads\/22_2019.pdf\" target=\"_blank\"><span style=\"color: #99cc00;\"><strong> 22 &#8211; 2019 Jankula J\u00e1n<\/strong><\/span><\/a><br \/>\n<a href=\"http:\/\/urbarhornaves.sk\/wp-content\/uploads\/23_2019.pdf\" target=\"_blank\"><span style=\"color: #99cc00;\"><strong> 23 &#8211; 2019 Kuchtov\u00e1 Andrea<\/strong><\/span><\/a><br \/>\n<a href=\"http:\/\/urbarhornaves.sk\/wp-content\/uploads\/24_2019.pdf\" target=\"_blank\"><span style=\"color: #99cc00;\"><strong> 24 &#8211; 2019 R\u00edmskokat. cirkev<\/strong><\/span><\/a><br \/>\n<a href=\"http:\/\/urbarhornaves.sk\/wp-content\/uploads\/25_2019.pdf\" target=\"_blank\"><span style=\"color: #99cc00;\"><strong> 25 &#8211; 2019 Jamri\u0161kov\u00e1 Erika<\/strong><\/span><\/a><br \/>\n<a href=\"http:\/\/urbarhornaves.sk\/wp-content\/uploads\/26_2019.pdf\" target=\"_blank\"><span style=\"color: #99cc00;\"><strong> 26 &#8211; 2019 He\u010dkov\u00e1 Daniela<\/strong><\/span><\/a><br \/>\n<a href=\"http:\/\/urbarhornaves.sk\/wp-content\/uploads\/27_2019.pdf\" target=\"_blank\"><span style=\"color: #99cc00;\"><strong> 27 &#8211; 2019 Urban Marian<\/strong><\/span><\/a><br \/>\n<a href=\"http:\/\/urbarhornaves.sk\/wp-content\/uploads\/28_2019.pdf\" target=\"_blank\"><span style=\"color: #99cc00;\"><strong> 28 &#8211; 2019 Poliak Peter<\/strong><\/span><\/a><br \/>\n<a href=\"http:\/\/urbarhornaves.sk\/wp-content\/uploads\/29_2019.pdf\" target=\"_blank\"><span style=\"color: #99cc00;\"><strong> 29 &#8211; 2019 R\u00edmskokat. cirkev<\/strong><\/span><\/a><br \/>\n<a href=\"http:\/\/urbarhornaves.sk\/wp-content\/uploads\/30_2019.pdf\" target=\"_blank\"><span style=\"color: #99cc00;\"><strong> 30 &#8211; 2019 Poliak Milan<\/strong><\/span><\/a><br \/>\n<a href=\"http:\/\/urbarhornaves.sk\/wp-content\/uploads\/31_2019.pdf\" target=\"_blank\"><span style=\"color: #99cc00;\"><strong> 31 &#8211; 2019 Poliak Milan<\/strong><\/span><\/a><br \/>\n<a href=\"http:\/\/urbarhornaves.sk\/wp-content\/uploads\/32_2019.pdf\" target=\"_blank\"><span style=\"color: #99cc00;\"><strong> 32 &#8211; 2019 L\u00e1bo Peter<\/strong><\/span><\/a><br \/>\n<a href=\"http:\/\/urbarhornaves.sk\/wp-content\/uploads\/33_2019.pdf\" target=\"_blank\"><span style=\"color: #99cc00;\"><strong> 33 &#8211; 2019 Poliak J\u00falius<\/strong><\/span><\/a><br \/>\n<a href=\"http:\/\/urbarhornaves.sk\/wp-content\/uploads\/34_2019.pdf\" target=\"_blank\"><span style=\"color: #99cc00;\"><strong> 34 &#8211; 2019 Bezdekov\u00e1 Marta<\/strong><\/span><\/a><br \/>\n<a href=\"http:\/\/urbarhornaves.sk\/wp-content\/uploads\/35_2019.pdf\" target=\"_blank\"><span style=\"color: #99cc00;\"><strong> 35 &#8211; 2019 Hoz\u00e1k Vladislav<\/strong><\/span><\/a><br \/>\n<a href=\"http:\/\/urbarhornaves.sk\/wp-content\/uploads\/36_2019.pdf\" target=\"_blank\"><span style=\"color: #99cc00;\"><strong> 36 &#8211; 2019 P\u00e1len\u00edk Karol <\/strong><\/span><\/a><br \/>\n<a href=\"http:\/\/urbarhornaves.sk\/wp-content\/uploads\/37_2019.pdf\" target=\"_blank\"><span style=\"color: #99cc00;\"><strong> 37 &#8211; 2019 R\u00edmskokat. cirkev<\/strong><\/span><\/a><br \/>\n<a href=\"http:\/\/urbarhornaves.sk\/wp-content\/uploads\/38_2019.pdf\" target=\"_blank\"><span style=\"color: #99cc00;\"><strong> 38 &#8211; 2019 R\u00edmskokat. cirkev<\/strong><\/span><\/a><br \/>\n<a href=\"http:\/\/urbarhornaves.sk\/wp-content\/uploads\/39_2019.pdf\" target=\"_blank\"><span style=\"color: #99cc00;\"><strong> 39 &#8211; 2019 Hoz\u00e1k Jozef<\/strong><\/span><\/a><br \/>\n<a href=\"http:\/\/urbarhornaves.sk\/wp-content\/uploads\/40_2019.pdf\" target=\"_blank\"><span style=\"color: #99cc00;\"><strong> 40 &#8211; 2019 Vidie\u010dan Marek<\/strong><\/span><\/a><br \/>\n<a href=\"http:\/\/urbarhornaves.sk\/wp-content\/uploads\/41_2019.pdf\" target=\"_blank\"><span style=\"color: #99cc00;\"><strong> 41 &#8211; 2019 Drevoshop<\/strong><\/span><\/a><br \/>\n<a href=\"http:\/\/urbarhornaves.sk\/wp-content\/uploads\/42_2019.pdf\" target=\"_blank\"><span style=\"color: #99cc00;\"><strong> 42 &#8211; 2019 Urbanov\u00e1 Jaroslava<\/strong><\/span><\/a><br \/>\n<a href=\"http:\/\/urbarhornaves.sk\/wp-content\/uploads\/43_2019.pdf\" target=\"_blank\"><span style=\"color: #99cc00;\"><strong> 43 &#8211; 2019 Jan\u010dich Jozef<\/strong><\/span><\/a><br \/>\n<a href=\"http:\/\/urbarhornaves.sk\/wp-content\/uploads\/44_2019.pdf\" target=\"_blank\"><span style=\"color: #99cc00;\"><strong> 44 &#8211; 2019 Kme\u0165 Tom\u00e1\u0161<\/strong><\/span><\/a><br \/>\n<a href=\"http:\/\/urbarhornaves.sk\/wp-content\/uploads\/45_2019.pdf\" target=\"_blank\"><span style=\"color: #99cc00;\"><strong> 45 &#8211; 2019 Hoz\u00e1k Mari\u00e1n<\/strong><\/span><\/a><br \/>\n<a href=\"http:\/\/urbarhornaves.sk\/wp-content\/uploads\/46_2019.pdf\" target=\"_blank\"><span style=\"color: #99cc00;\"><strong> 46 &#8211; 2019 Poliak J\u00falius<\/strong><\/span><\/a><br \/>\n<a href=\"http:\/\/urbarhornaves.sk\/wp-content\/uploads\/47_2019.pdf\" target=\"_blank\"><span style=\"color: #99cc00;\"><strong> 47 &#8211; 2019 L\u00e1bo Peter<\/strong><\/span><\/a><br \/>\n<a href=\"http:\/\/urbarhornaves.sk\/wp-content\/uploads\/48_2019.pdf\" target=\"_blank\"><span style=\"color: #99cc00;\"><strong> 48 &#8211; 2019 Vidie\u010dan Marek<\/strong><\/span><\/a><br \/>\n<a href=\"http:\/\/urbarhornaves.sk\/wp-content\/uploads\/49_2019.pdf\" target=\"_blank\"><span style=\"color: #99cc00;\"><strong> 49 &#8211; 2019 Poliakov\u00e1 M\u00e1ria<\/strong><\/span><\/a><br \/>\n<a href=\"http:\/\/urbarhornaves.sk\/wp-content\/uploads\/50_2019.pdf\" target=\"_blank\"><span style=\"color: #99cc00;\"><strong> 50 &#8211; 2019 Valenteje \u0160tefan<\/strong><\/span><\/a><br \/>\n<a href=\"http:\/\/urbarhornaves.sk\/wp-content\/uploads\/51_2019.pdf\" target=\"_blank\"><span style=\"color: #99cc00;\"><strong> 51 &#8211; 2019 Hoz\u00e1k Peter<\/strong><\/span><\/a><br \/>\n<a href=\"http:\/\/urbarhornaves.sk\/wp-content\/uploads\/52_2019.pdf\" target=\"_blank\"><span style=\"color: #99cc00;\"><strong> 52 &#8211; 2019 Belisov\u00e1 Gabriela<\/strong><\/span><\/a><br \/>\n<a href=\"http:\/\/urbarhornaves.sk\/wp-content\/uploads\/53_2019.pdf\" target=\"_blank\"><span style=\"color: #99cc00;\"><strong> 53 &#8211; 2019 V\u00e1\u017eanov\u00e1 Gabriela<\/strong><\/span><\/a><br \/>\n<a href=\"http:\/\/urbarhornaves.sk\/wp-content\/uploads\/54_2019.pdf\" target=\"_blank\"><span style=\"color: #99cc00;\"><strong> 54 &#8211; 2019 \u0164apu\u0161kov\u00e1 Helena<\/strong><\/span><\/a><br \/>\n<a href=\"http:\/\/urbarhornaves.sk\/wp-content\/uploads\/55_2019.pdf\" target=\"_blank\"><span style=\"color: #99cc00;\"><strong> 55 &#8211; 2019 Kme\u0165 Ivan<\/strong><\/span><\/a><br \/>\n<a href=\"http:\/\/urbarhornaves.sk\/wp-content\/uploads\/56_2019.pdf\" target=\"_blank\"><span style=\"color: #99cc00;\"><strong> 56 &#8211; 2019 Vl\u010dko Vladim\u00edr<\/strong><\/span><\/a><br \/>\n<a href=\"http:\/\/urbarhornaves.sk\/wp-content\/uploads\/57_2019.pdf\" target=\"_blank\"><span style=\"color: #99cc00;\"><strong> 57 &#8211; 2019 Haberajter Martin<\/strong><\/span><\/a><br \/>\n<a href=\"http:\/\/urbarhornaves.sk\/wp-content\/uploads\/58_2019.pdf\" target=\"_blank\"><span style=\"color: #99cc00;\"><strong> 58 &#8211; 2019 Poliak Vladim\u00edr<\/strong><\/span><\/a><br \/>\n<a href=\"http:\/\/urbarhornaves.sk\/wp-content\/uploads\/59_2019.pdf\" target=\"_blank\"><span style=\"color: #99cc00;\"><strong> 59 &#8211; 2019 Valter Rudolf<\/strong><\/span><\/a><br \/>\n<a href=\"http:\/\/urbarhornaves.sk\/wp-content\/uploads\/60_2019.pdf\" target=\"_blank\"><span style=\"color: #99cc00;\"><strong> 60 &#8211; 2019 Hvojn\u00edkov\u00e1 Paul\u00edna<\/strong><\/span><\/a><br \/>\n<a href=\"http:\/\/urbarhornaves.sk\/wp-content\/uploads\/61_2019.pdf\" target=\"_blank\"><span style=\"color: #99cc00;\"><strong> 61 &#8211; 2019 Hrotek Jozef<\/strong><\/span><\/a><br \/>\n<a href=\"http:\/\/urbarhornaves.sk\/wp-content\/uploads\/62_2019.pdf\" target=\"_blank\"><span style=\"color: #99cc00;\"><strong> 62 &#8211; 2019 Jamri\u0161kov\u00e1 Margita<\/strong><\/span><\/a><br \/>\n<a href=\"http:\/\/urbarhornaves.sk\/wp-content\/uploads\/63_-2019.pdf\" target=\"_blank\"><span style=\"color: #99cc00;\"><strong> 63 &#8211; 2019 GLOCK Forst Slowakei<\/strong><\/span><\/a><br \/>\n<a href=\"http:\/\/urbarhornaves.sk\/wp-content\/uploads\/64_2019.pdf\" target=\"_blank\"><span style=\"color: #99cc00;\"><strong> 64 &#8211; 2019 Spi\u0161\u00e1k Martin<\/strong><\/span><\/a><br \/>\n<a href=\"http:\/\/urbarhornaves.sk\/wp-content\/uploads\/65_-2019.pdf\" target=\"_blank\"><span style=\"color: #99cc00;\"><strong> 65 &#8211; 2019 Hrotek Jozef<\/strong><\/span><\/a><br \/>\n<a href=\"http:\/\/urbarhornaves.sk\/wp-content\/uploads\/66_2019.pdf\" target=\"_blank\"><span style=\"color: #99cc00;\"><strong> 66 &#8211; 2019 R\u00edmskokat. cirkev<\/strong><\/span><\/a><br \/>\n<a href=\"http:\/\/urbarhornaves.sk\/wp-content\/uploads\/67_2019.pdf\" target=\"_blank\"><span style=\"color: #99cc00;\"><strong> 67 &#8211; 2019 R\u00edmskokat. cirkev<\/strong><\/span><\/a><br \/>\n<a href=\"http:\/\/urbarhornaves.sk\/wp-content\/uploads\/68_2019.pdf\" target=\"_blank\"><span style=\"color: #99cc00;\"><strong> 68 &#8211; 2019 Ma\u010far Miroslav<\/strong><\/span><\/a><br \/>\n<a href=\"http:\/\/urbarhornaves.sk\/wp-content\/uploads\/69_2019.pdf\" target=\"_blank\"><span style=\"color: #99cc00;\"><strong> 69 &#8211; 2019 R\u00edmskokat. cirkev<\/strong><\/span><\/a><\/p>\n","protected":false},"excerpt":{"rendered":"<p>1 &#8211; 2019 Dvorsk\u00fd Ivan 2 &#8211; 2019 R\u00edmskokat. cirkev 3 &#8211; 2019 Kme\u0165ov\u00e1 Anna 4 &#8211; 2019 L\u00e1bo Jozef 5 &#8211; 2019 Zelenka Peter 6 &#8211; 2019 Valenteje \u0160tefan 7 &#8211; 2019 Ruskov\u00e1 Nat\u00e1lia 8 &#8211; 2019 Pivar\u010di 9 &#8211; 2019 \u010cmiko \u0160tefan 10 &#8211; 2019 Kme\u0165 Tom\u00e1\u0161 11 &#8211; 2019 Jamri\u0161ka Vladislav 12 [&hellip;]<\/p>\n","protected":false},"author":1,"featured_media":0,"parent":272,"menu_order":0,"comment_status":"closed","ping_status":"closed","template":"","meta":[],"_links":{"self":[{"href":"http:\/\/urbarhornaves.sk\/index.php?rest_route=\/wp\/v2\/pages\/1040"}],"collection":[{"href":"http:\/\/urbarhornaves.sk\/index.php?rest_route=\/wp\/v2\/pages"}],"about":[{"href":"http:\/\/urbarhornaves.sk\/index.php?rest_route=\/wp\/v2\/types\/page"}],"author":[{"embeddable":true,"href":"http:\/\/urbarhornaves.sk\/index.php?rest_route=\/wp\/v2\/users\/1"}],"replies":[{"embeddable":true,"href":"http:\/\/urbarhornaves.sk\/index.php?rest_route=%2Fwp%2Fv2%2Fcomments&post=1040"}],"version-history":[{"count":17,"href":"http:\/\/urbarhornaves.sk\/index.php?rest_route=\/wp\/v2\/pages\/1040\/revisions"}],"predecessor-version":[{"id":1135,"href":"http:\/\/urbarhornaves.sk\/index.php?rest_route=\/wp\/v2\/pages\/1040\/revisions\/1135"}],"up":[{"embeddable":true,"href":"http:\/\/urbarhornaves.sk\/index.php?rest_route=\/wp\/v2\/pages\/272"}],"wp:attachment":[{"href":"http:\/\/urbarhornaves.sk\/index.php?rest_route=%2Fwp%2Fv2%2Fmedia&parent=1040"}],"curies":[{"name":"wp","href":"https:\/\/api.w.org\/{rel}","templated":true}]}}