{"id":1160,"date":"2021-01-08T14:22:55","date_gmt":"2021-01-08T12:22:55","guid":{"rendered":"http:\/\/urbarhornaves.sk\/?page_id=1160"},"modified":"2021-01-08T14:43:10","modified_gmt":"2021-01-08T12:43:10","slug":"faktury-vystavene-rok-2020","status":"publish","type":"page","link":"http:\/\/urbarhornaves.sk\/?page_id=1160","title":{"rendered":"Fakt\u00fary vystaven\u00e9 \u2013 rok 2020"},"content":{"rendered":"<p><strong><a href=\"http:\/\/urbarhornaves.sk\/wp-content\/uploads\/1.2020-RKFT.pdf\">1. 2020 RKFT<\/a><\/strong><br \/>\n<strong> <a href=\"http:\/\/urbarhornaves.sk\/wp-content\/uploads\/2.2020-Ruskov\u00e1-Nat\u00e1lia.pdf\">2. 2020 Ruskov\u00e1 Nat\u00e1lia<\/a><\/strong><br \/>\n<strong> <a href=\"http:\/\/urbarhornaves.sk\/wp-content\/uploads\/3.2020-RKFT.pdf\">3. 2020 RKFT<\/a><\/strong><br \/>\n<strong> <a href=\"http:\/\/urbarhornaves.sk\/wp-content\/uploads\/4.2020-RKFT.pdf\">4. 2020 RKFT<\/a><\/strong><br \/>\n<strong> <a href=\"http:\/\/urbarhornaves.sk\/wp-content\/uploads\/5.2020-RKFT.pdf\">5. 2020 RKFT<\/a><\/strong><br \/>\n<strong> <a href=\"http:\/\/urbarhornaves.sk\/wp-content\/uploads\/6.2020-RKFT.pdf\">6. 2020 RKFT<\/a><\/strong><br \/>\n<strong> <a href=\"http:\/\/urbarhornaves.sk\/wp-content\/uploads\/7.2020-Kme\u00a3-Tom\u00e1t.pdf\">7. 2020 Kme\u0165 Tom\u00e1t<\/a><\/strong><br \/>\n<strong> <a href=\"http:\/\/urbarhornaves.sk\/wp-content\/uploads\/8.2020-Dvorsk8-Ivan.pdf\">8. 2020 Dvorsk\u00fd Ivan<\/a><\/strong><br \/>\n<strong> <a href=\"http:\/\/urbarhornaves.sk\/wp-content\/uploads\/9.2020-MaJSL.pdf\">9. 2020 MaJSL<\/a><\/strong><br \/>\n<strong> <a href=\"http:\/\/urbarhornaves.sk\/wp-content\/uploads\/10.20-RKFT.pdf\">10. 20 RKFT<\/a><\/strong><br \/>\n<strong> <a href=\"http:\/\/urbarhornaves.sk\/wp-content\/uploads\/11.2020-\u00b5koda-Patrik.pdf\">11. 2020 \u0160koda Patrik<\/a><\/strong><br \/>\n<strong> <a href=\"http:\/\/urbarhornaves.sk\/wp-content\/uploads\/12.2020-Kme\u00a3-Tom\u00e1t.pdf\">12. 2020 Kme\u0165 Tom\u00e1t<\/a><\/strong><br \/>\n<strong> <a href=\"http:\/\/urbarhornaves.sk\/wp-content\/uploads\/13.2020-Vidie\u0192an-Marek.pdf\">13. 2020 Vidie\u010dan Marek<\/a><\/strong><br \/>\n<strong> <a href=\"http:\/\/urbarhornaves.sk\/wp-content\/uploads\/14.2020-Dzurus-Milan.pdf\">14. 2020 Dzurus Milan<\/a><\/strong><br \/>\n<strong> <a href=\"http:\/\/urbarhornaves.sk\/wp-content\/uploads\/15.2020-Jankula-Jozef.pdf\">15. 2020 Jankula Jozef<\/a><\/strong><br \/>\n<strong> <a href=\"http:\/\/urbarhornaves.sk\/wp-content\/uploads\/16.2020-Valter-Rudolf.pdf\">16. 2020 Valter Rudolf<\/a><\/strong><br \/>\n<strong> <a href=\"http:\/\/urbarhornaves.sk\/wp-content\/uploads\/17.2020-Ruskov\u00e1-Nat\u00e1lia.pdf\">17. 2020 Ruskov\u00e1 Nat\u00e1lia<\/a><\/strong><br \/>\n<strong> <a href=\"http:\/\/urbarhornaves.sk\/wp-content\/uploads\/18.2020-Jan\u0192ich-Jozef.pdf\">18. 2020 Jan\u010dich Jozef<\/a><\/strong><br \/>\n<strong> <a href=\"http:\/\/urbarhornaves.sk\/wp-content\/uploads\/19.2020-Jamritkov\u00e1-Erika.pdf\">19. 2020 Jamri\u0161kov\u00e1 Erika<\/a><\/strong><br \/>\n<strong> <a href=\"http:\/\/urbarhornaves.sk\/wp-content\/uploads\/20.2020-Zelenka-Peter.pdf\">20. 2020 Zelenka Peter<\/a><\/strong><br \/>\n<strong> <a href=\"http:\/\/urbarhornaves.sk\/wp-content\/uploads\/21.2020-Jankula-Ondrej.pdf\">21. 2020 Jankula Ondrej<\/a><\/strong><br \/>\n<strong> <a href=\"http:\/\/urbarhornaves.sk\/wp-content\/uploads\/22.2020-Jamritka-Vladislav.pdf\">22. 2020 Jamritka Vladislav<\/a><\/strong><br \/>\n<strong> <a href=\"http:\/\/urbarhornaves.sk\/wp-content\/uploads\/23.2020-Poliak-Frantitek.pdf\">23. 2020 Poliak Frantitek<\/a><\/strong><br \/>\n<strong> <a href=\"http:\/\/urbarhornaves.sk\/wp-content\/uploads\/24.2020-N\u00e9meth-\u00b5tefan.pdf\">24. 2020 N\u00e9meth \u0160tefan<\/a><\/strong><br \/>\n<strong> <a href=\"http:\/\/urbarhornaves.sk\/wp-content\/uploads\/25.2020-Podskalka-\u00b5tefan.pdf\">25. 2020 Podskalka \u0160tefan<\/a><\/strong><br \/>\n<strong> <a href=\"http:\/\/urbarhornaves.sk\/wp-content\/uploads\/26.2020-Belianska-M\u00e1ria.pdf\">26. 2020 Belianska M\u00e1ria<\/a><\/strong><br \/>\n<strong> <a href=\"http:\/\/urbarhornaves.sk\/wp-content\/uploads\/27.2020-Bezdekov\u00e1-Marta.pdf\">27. 2020 Bezdekov\u00e1 Marta<\/a><\/strong><br \/>\n<strong> <a href=\"http:\/\/urbarhornaves.sk\/wp-content\/uploads\/28.2020-Folt\u00e1n-\u00b5tefan.pdf\">28. 2020 Folt\u00e1n \u0160tefan<\/a><\/strong><br \/>\n<strong> <a href=\"http:\/\/urbarhornaves.sk\/wp-content\/uploads\/29.2020-Kme\u00a3-Anton.pdf\">29. 2020 Kme\u0165 Anton<\/a><\/strong><br \/>\n<strong> <a href=\"http:\/\/urbarhornaves.sk\/wp-content\/uploads\/30.2020-Maringo-\u00b5tefan.pdf\">30. 2020 Maringo \u00b5tefan<\/a><\/strong><br \/>\n<strong> <a href=\"http:\/\/urbarhornaves.sk\/wp-content\/uploads\/31.-2020-V\u00e1\u00baanov\u00e1-Gabriela.pdf\">31. 2020 V\u00e1\u017eanov\u00e1 Gabriela<\/a><\/strong><br \/>\n<strong> <a href=\"http:\/\/urbarhornaves.sk\/wp-content\/uploads\/32.-2020-Jamritka-Peter.pdf\">32. 2020 Jamri\u0161ka Peter<\/a><\/strong><br \/>\n<strong> <a href=\"http:\/\/urbarhornaves.sk\/wp-content\/uploads\/33.2020-Kme\u00a3-Tom\u00e1t.pdf\">33. 2020 Kme\u0165 Tom\u00e1t<\/a><\/strong><br \/>\n<strong> <a href=\"http:\/\/urbarhornaves.sk\/wp-content\/uploads\/34.-2020-Poliak-J\u00falius.pdf\">34. 2020 Poliak J\u00falius<\/a><\/strong><br \/>\n<strong> <a href=\"http:\/\/urbarhornaves.sk\/wp-content\/uploads\/35.2020-Rusko-Ivan.pdf\">35. 2020 Rusko Ivan<\/a><\/strong><br \/>\n<strong> <a href=\"http:\/\/urbarhornaves.sk\/wp-content\/uploads\/36.2020-Ruskov\u00e1-Nat\u00e1lia.pdf\">36. 2020 Ruskov\u00e1 Nat\u00e1lia<\/a><\/strong><br \/>\n<strong> <a href=\"http:\/\/urbarhornaves.sk\/wp-content\/uploads\/37.2020-Ruskov\u00e1-Nat\u00e1lia.pdf\">37. 2020 Ruskov\u00e1 Nat\u00e1lia<\/a><\/strong><br \/>\n<strong> <a href=\"http:\/\/urbarhornaves.sk\/wp-content\/uploads\/38.-2020-L\u00e1bov\u00e1-Anna.pdf\">38. 2020 L\u00e1bov\u00e1 Anna<\/a><\/strong><br \/>\n<strong> <a href=\"http:\/\/urbarhornaves.sk\/wp-content\/uploads\/39.2020-Vidie\u0192an-Marek.pdf\">39. 2020 Vidie\u010dan Marek<\/a><\/strong><br \/>\n<strong> <a href=\"http:\/\/urbarhornaves.sk\/wp-content\/uploads\/40.2020-Ruskov\u00e1-Nat\u00e1lia.pdf\">40. 2020 Ruskov\u00e1 Nat\u00e1lia<\/a><\/strong><br \/>\n<strong> <a href=\"http:\/\/urbarhornaves.sk\/wp-content\/uploads\/41.2020-Poliak-Milan.pdf\">41. 2020 Poliak Milan<\/a><\/strong><br \/>\n<strong> <a href=\"http:\/\/urbarhornaves.sk\/wp-content\/uploads\/42.2020-ur\u00ed\u0192ek-Juraj.pdf\">42. 2020 \u010eur\u00ed\u010dek Juraj<\/a><\/strong><br \/>\n<strong> <a href=\"http:\/\/urbarhornaves.sk\/wp-content\/uploads\/43.2020-Poliak-Milan.pdf\">43. 2020 Poliak Milan<\/a><\/strong><br \/>\n<strong> <a href=\"http:\/\/urbarhornaves.sk\/wp-content\/uploads\/44.2020-Petrus-Ivan.pdf\">44. 2020 Petrus Ivan<\/a><\/strong><br \/>\n<strong> <a href=\"http:\/\/urbarhornaves.sk\/wp-content\/uploads\/45.2020-Poliak-J\u00falius.pdf\">45. 2020 Poliak J\u00falius<\/a><\/strong><br \/>\n<strong> <a href=\"http:\/\/urbarhornaves.sk\/wp-content\/uploads\/46.2020-Hoz\u00e1k-Jozef.pdf\">46. 2020 Hoz\u00e1k Jozef<\/a><\/strong><br \/>\n<strong> <a href=\"http:\/\/urbarhornaves.sk\/wp-content\/uploads\/47.2020-Valenteje-\u00b5tefan.pdf\">47. 2020 Valenteje \u0160tefan<\/a><\/strong><br \/>\n<strong> <a href=\"http:\/\/urbarhornaves.sk\/wp-content\/uploads\/48.2020-RKC-Horna-ves.pdf\">48. 2020 RKC Horna ves<\/a><\/strong><br \/>\n<strong> <a href=\"http:\/\/urbarhornaves.sk\/wp-content\/uploads\/49.2020-RKC.pdf\">49. 2020 RKC<\/a><\/strong><br \/>\n<strong> <a href=\"http:\/\/urbarhornaves.sk\/wp-content\/uploads\/50.2020-Hoz\u00e1k-Marian.pdf\">50. 2020 Hoz\u00e1k Marian<\/a><\/strong><br \/>\n<strong> <a href=\"http:\/\/urbarhornaves.sk\/wp-content\/uploads\/51.2020-Karakov\u00e1-Andrea.pdf\">51. 2020 Karakov\u00e1 Andrea<\/a><\/strong><br \/>\n<strong> <a href=\"http:\/\/urbarhornaves.sk\/wp-content\/uploads\/52.2020-Bartot-J\u00e1n.pdf\">52. 2020 Barto\u0161 J\u00e1n<\/a><\/strong><br \/>\n<strong> <a href=\"http:\/\/urbarhornaves.sk\/wp-content\/uploads\/53.2020-Kme\u00a3ov\u00e1-Eva.pdf\">53. 2020 Kme\u0165ov\u00e1 Eva<\/a><\/strong><br \/>\n<strong> <a href=\"http:\/\/urbarhornaves.sk\/wp-content\/uploads\/54.2020-Urbanov\u00e1-Jaroslava.pdf\">54. 2020 Urbanov\u00e1 Jaroslava<\/a><\/strong><br \/>\n<strong> <a href=\"http:\/\/urbarhornaves.sk\/wp-content\/uploads\/55.2020-Schnierer-Pavol.pdf\">55. 2020 Schnierer Pavol<\/a><\/strong><br \/>\n<strong> <a href=\"http:\/\/urbarhornaves.sk\/wp-content\/uploads\/56.2020-Vidie\u0192an-Dominik.pdf\">56. 2020 Vidie\u010dan Dominik<\/a><\/strong><br \/>\n<strong> <a href=\"http:\/\/urbarhornaves.sk\/wp-content\/uploads\/57.2020-Jamritkov\u00e1-Erika.pdf\">57. 2020 Jamri\u0161kov\u00e1 Erika<\/a><\/strong><br \/>\n<strong> <a href=\"http:\/\/urbarhornaves.sk\/wp-content\/uploads\/58.2020-Milan-Poliak.pdf\">58. 2020 Milan Poliak<\/a><\/strong><br \/>\n<strong> <a href=\"http:\/\/urbarhornaves.sk\/wp-content\/uploads\/59.2020-ur\u00ed\u0192kova-Eva.pdf\">59. 2020 \u010eur\u00ed\u010dkova Eva<\/a><\/strong><br \/>\n<strong> <a href=\"http:\/\/urbarhornaves.sk\/wp-content\/uploads\/60.2020-Jankula-Jan.pdf\">60. 2020 Jankula Jan<\/a><\/strong><br \/>\n<strong> <a href=\"http:\/\/urbarhornaves.sk\/wp-content\/uploads\/61.2020-Viglasky-Milan.pdf\">61. 2020 Viglasky Milan<\/a><\/strong><br \/>\n<strong> <a href=\"http:\/\/urbarhornaves.sk\/wp-content\/uploads\/62.2020-Belisov\u00e1-Gabika.pdf\">62. 2020 Belisov\u00e1 Gabika<\/a><\/strong><br \/>\n<strong> <a href=\"http:\/\/urbarhornaves.sk\/wp-content\/uploads\/63.2020-Poliak-Julius.pdf\">63. 2020 Poliak Julius<\/a><\/strong><br \/>\n<strong> <a href=\"http:\/\/urbarhornaves.sk\/wp-content\/uploads\/64.2020-Jamritka-Vladislav.pdf\">64. 2020 Jamri\u0161ka Vladislav<\/a><\/strong><br \/>\n<strong> <a href=\"http:\/\/urbarhornaves.sk\/wp-content\/uploads\/65.2020-Ma-ar-Miroslav.pdf\">65. 2020 Ma\u010far Miroslav<\/a><\/strong><br \/>\n<strong> <a href=\"http:\/\/urbarhornaves.sk\/wp-content\/uploads\/66.2020-Kme\u00a3-Anton.pdf\">66. 2020 Kme\u0165 Anton<\/a><\/strong><br \/>\n<strong> <a href=\"http:\/\/urbarhornaves.sk\/wp-content\/uploads\/67.2020-Ur\u00edk-Vladim\u00edr.pdf\">67. 2020 Ur\u00edk Vladim\u00edr<\/a><\/strong><br \/>\n<strong> <a href=\"http:\/\/urbarhornaves.sk\/wp-content\/uploads\/68.2020-Kme\u00a3ov\u00e1-Anna.pdf\">68. 2020 Kme\u0165ov\u00e1 Anna<\/a><\/strong><br \/>\n<strong> <a href=\"http:\/\/urbarhornaves.sk\/wp-content\/uploads\/69.2020-Darmo-Peter.pdf\">69. 2020 Darmo Peter<\/a><\/strong><br \/>\n<strong> <a href=\"http:\/\/urbarhornaves.sk\/wp-content\/uploads\/70.2020-Dvorsk8-Ivan.pdf\">70. 2020 Dvorsk\u00fd Ivan<\/a><\/strong><br \/>\n<strong> <a href=\"http:\/\/urbarhornaves.sk\/wp-content\/uploads\/71.2020-Brida-Peter.pdf\">71. 2020 Brida Peter<\/a><\/strong><br \/>\n<strong> <a href=\"http:\/\/urbarhornaves.sk\/wp-content\/uploads\/72.2020-Hoz\u00e1k-Ladislav.pdf\">72. 2020 Hoz\u00e1k Ladislav<\/a><\/strong><br \/>\n<strong> <a href=\"http:\/\/urbarhornaves.sk\/wp-content\/uploads\/73.2020-Kme\u00a3-Ivan.pdf\">73. 2020 Kme\u0165 Ivan<\/a><\/strong><br \/>\n<strong> <a href=\"http:\/\/urbarhornaves.sk\/wp-content\/uploads\/74.2020-Matiat-Miroslav.pdf\">74. 2020 Matia\u0161 Miroslav<\/a><\/strong><br \/>\n<strong> <a href=\"http:\/\/urbarhornaves.sk\/wp-content\/uploads\/75.2020-Vl\u0192ko-Vladim\u00edr.pdf\">75. 2020 Vl\u010dko Vladim\u00edr<\/a><\/strong><br \/>\n<strong> <a href=\"http:\/\/urbarhornaves.sk\/wp-content\/uploads\/76.2020-Ivan-Toma.pdf\">76. 2020 Ivan Toma<\/a><\/strong><br \/>\n<strong> <a href=\"http:\/\/urbarhornaves.sk\/wp-content\/uploads\/77.2020-Darmo-Peter.pdf\">77. 2020 Darmo Peter<\/a><\/strong><br \/>\n<strong> <a href=\"http:\/\/urbarhornaves.sk\/wp-content\/uploads\/78.2020-Bartot-Juraj.pdf\">78. 2020 Barto\u0161 Juraj<\/a><\/strong><br \/>\n<strong> <a href=\"http:\/\/urbarhornaves.sk\/wp-content\/uploads\/79.2020-Peter-Labo.pdf\">79. 2020 Peter Labo<\/a><\/strong><br \/>\n<strong> <a href=\"http:\/\/urbarhornaves.sk\/wp-content\/uploads\/80.2020-\u00b5tefan-\u00bcmiko.pdf\">80. 2020 \u0160tefan \u010cmiko<\/a><\/strong><br \/>\n<strong> <a href=\"http:\/\/urbarhornaves.sk\/wp-content\/uploads\/81.2020-Angela-Hvojn\u00edkov\u00e1.pdf\">81. 2020 Angela Hvojn\u00edkov\u00e1<\/a><\/strong><\/p>\n","protected":false},"excerpt":{"rendered":"<p>1. 2020 RKFT 2. 2020 Ruskov\u00e1 Nat\u00e1lia 3. 2020 RKFT 4. 2020 RKFT 5. 2020 RKFT 6. 2020 RKFT 7. 2020 Kme\u0165 Tom\u00e1t 8. 2020 Dvorsk\u00fd Ivan 9. 2020 MaJSL 10. 20 RKFT 11. 2020 \u0160koda Patrik 12. 2020 Kme\u0165 Tom\u00e1t 13. 2020 Vidie\u010dan Marek 14. 2020 Dzurus Milan 15. 2020 Jankula Jozef 16. 2020 [&hellip;]<\/p>\n","protected":false},"author":3,"featured_media":0,"parent":272,"menu_order":0,"comment_status":"closed","ping_status":"closed","template":"","meta":[],"_links":{"self":[{"href":"http:\/\/urbarhornaves.sk\/index.php?rest_route=\/wp\/v2\/pages\/1160"}],"collection":[{"href":"http:\/\/urbarhornaves.sk\/index.php?rest_route=\/wp\/v2\/pages"}],"about":[{"href":"http:\/\/urbarhornaves.sk\/index.php?rest_route=\/wp\/v2\/types\/page"}],"author":[{"embeddable":true,"href":"http:\/\/urbarhornaves.sk\/index.php?rest_route=\/wp\/v2\/users\/3"}],"replies":[{"embeddable":true,"href":"http:\/\/urbarhornaves.sk\/index.php?rest_route=%2Fwp%2Fv2%2Fcomments&post=1160"}],"version-history":[{"count":4,"href":"http:\/\/urbarhornaves.sk\/index.php?rest_route=\/wp\/v2\/pages\/1160\/revisions"}],"predecessor-version":[{"id":1247,"href":"http:\/\/urbarhornaves.sk\/index.php?rest_route=\/wp\/v2\/pages\/1160\/revisions\/1247"}],"up":[{"embeddable":true,"href":"http:\/\/urbarhornaves.sk\/index.php?rest_route=\/wp\/v2\/pages\/272"}],"wp:attachment":[{"href":"http:\/\/urbarhornaves.sk\/index.php?rest_route=%2Fwp%2Fv2%2Fmedia&parent=1160"}],"curies":[{"name":"wp","href":"https:\/\/api.w.org\/{rel}","templated":true}]}}