{"id":141,"date":"2014-10-28T17:46:35","date_gmt":"2014-10-28T15:46:35","guid":{"rendered":"http:\/\/urbarhornaves.sk\/new\/?page_id=141"},"modified":"2020-01-16T10:46:10","modified_gmt":"2020-01-16T08:46:10","slug":"dokumenty-na-stiahnutie","status":"publish","type":"page","link":"http:\/\/urbarhornaves.sk\/?page_id=141","title":{"rendered":"Dokumenty na stiahnutie"},"content":{"rendered":"<h3><span style=\"color: #99cc00;\">Dokumenty na stiahnutie alebo vytla\u010denie v PDF form\u00e1te:<\/span><\/h3>\n<p>&nbsp;<\/p>\n<p><a title=\"Zoznam Zemani\" href=\"http:\/\/urbarhornaves.sk\/wp-content\/uploads\/zemani2018.pdf\" target=\"_blank\"><img loading=\"lazy\" class=\"alignleft wp-image-143\" src=\"http:\/\/urbarhornaves.sk\/wp-content\/uploads\/pdf.png\" alt=\"pdf\" width=\"30\" height=\"46\" srcset=\"http:\/\/urbarhornaves.sk\/wp-content\/uploads\/pdf.png 356w, http:\/\/urbarhornaves.sk\/wp-content\/uploads\/pdf-194x300.png 194w\" sizes=\"(max-width: 30px) 100vw, 30px\" \/><\/a><a href=\"http:\/\/urbarhornaves.sk\/wp-content\/uploads\/Zmluva-o-pozemkovom-splo\u010denstve.pdf\">Zmluva o pozemkovom splo\u010denstve<\/a><\/p>\n<p>&nbsp;<\/p>\n<p><a title=\"Zoznam Zemani\" href=\"http:\/\/urbarhornaves.sk\/wp-content\/uploads\/zemani2018.pdf\" target=\"_blank\"><img loading=\"lazy\" class=\"alignleft wp-image-143\" src=\"http:\/\/urbarhornaves.sk\/wp-content\/uploads\/pdf.png\" alt=\"pdf\" width=\"30\" height=\"46\" srcset=\"http:\/\/urbarhornaves.sk\/wp-content\/uploads\/pdf.png 356w, http:\/\/urbarhornaves.sk\/wp-content\/uploads\/pdf-194x300.png 194w\" sizes=\"(max-width: 30px) 100vw, 30px\" \/><\/a><a href=\"http:\/\/urbarhornaves.sk\/wp-content\/uploads\/Stanovy-Urb\u00e1r-H.-ves-platn\u00e9-od_18.1.2014.pdf\">Stanovy Urb\u00e1r H. ves platn\u00e9 od_18.1.2014<\/a><\/p>\n<p>&nbsp;<\/p>\n<p><a title=\"Zoznam Zemani\" href=\"http:\/\/urbarhornaves.sk\/wp-content\/uploads\/zemani2018.pdf\" target=\"_blank\"><img loading=\"lazy\" class=\"alignleft wp-image-143\" src=\"http:\/\/urbarhornaves.sk\/wp-content\/uploads\/pdf.png\" alt=\"pdf\" width=\"30\" height=\"46\" srcset=\"http:\/\/urbarhornaves.sk\/wp-content\/uploads\/pdf.png 356w, http:\/\/urbarhornaves.sk\/wp-content\/uploads\/pdf-194x300.png 194w\" sizes=\"(max-width: 30px) 100vw, 30px\" \/><\/a><a href=\"http:\/\/urbarhornaves.sk\/wp-content\/uploads\/Zoznam-clenov-fyzicke-osoby-zemiansky-majetok.pdf\">Zoznam clenov &#8211; fyzicke osoby &#8211; zemiansky majetok<\/a><\/p>\n<p>&nbsp;<\/p>\n<p><a title=\"Zoznam Zemani\" href=\"http:\/\/urbarhornaves.sk\/wp-content\/uploads\/zemani2018.pdf\" target=\"_blank\"><img loading=\"lazy\" class=\"alignleft wp-image-143\" src=\"http:\/\/urbarhornaves.sk\/wp-content\/uploads\/pdf.png\" alt=\"pdf\" width=\"30\" height=\"46\" srcset=\"http:\/\/urbarhornaves.sk\/wp-content\/uploads\/pdf.png 356w, http:\/\/urbarhornaves.sk\/wp-content\/uploads\/pdf-194x300.png 194w\" sizes=\"(max-width: 30px) 100vw, 30px\" \/><\/a><a href=\"http:\/\/urbarhornaves.sk\/wp-content\/uploads\/Zoznam-clenov-fyzicke-osoby-urbar.pdf\">Zoznam clenov &#8211; fyzicke osoby &#8211; urbar<\/a><\/p>\n<p>&nbsp;<\/p>\n<p><a title=\"Zoznam Zemani\" href=\"http:\/\/urbarhornaves.sk\/wp-content\/uploads\/zemani2018.pdf\" target=\"_blank\"><img loading=\"lazy\" class=\"alignleft wp-image-143\" src=\"http:\/\/urbarhornaves.sk\/wp-content\/uploads\/pdf.png\" alt=\"pdf\" width=\"30\" height=\"46\" srcset=\"http:\/\/urbarhornaves.sk\/wp-content\/uploads\/pdf.png 356w, http:\/\/urbarhornaves.sk\/wp-content\/uploads\/pdf-194x300.png 194w\" sizes=\"(max-width: 30px) 100vw, 30px\" \/><\/a><a href=\"http:\/\/urbarhornaves.sk\/wp-content\/uploads\/Zoznam-clenov-pravnicke-osoby-urbar.pdf\">Zoznam clenov &#8211; pravnicke osoby &#8211; urbar<\/a><\/p>\n<p>&nbsp;<\/p>\n<p><a title=\"Zoznam Zemani\" href=\"http:\/\/urbarhornaves.sk\/wp-content\/uploads\/zemani2018.pdf\" target=\"_blank\"><img loading=\"lazy\" class=\"alignleft wp-image-143\" src=\"http:\/\/urbarhornaves.sk\/wp-content\/uploads\/pdf.png\" alt=\"pdf\" width=\"30\" height=\"46\" srcset=\"http:\/\/urbarhornaves.sk\/wp-content\/uploads\/pdf.png 356w, http:\/\/urbarhornaves.sk\/wp-content\/uploads\/pdf-194x300.png 194w\" sizes=\"(max-width: 30px) 100vw, 30px\" \/><\/a><a href=\"http:\/\/urbarhornaves.sk\/wp-content\/uploads\/Zoznam-clenov-pravnicke-osoby-zemiansky-majetok.pdf\">Zoznam clenov &#8211; pravnicke osoby &#8211; zemiansky majetok<\/a><\/p>\n<p>&nbsp;<\/p>\n<p><a title=\"Zoznam Zemani\" href=\"http:\/\/urbarhornaves.sk\/wp-content\/uploads\/zemani2018.pdf\" target=\"_blank\"><img loading=\"lazy\" class=\"alignleft wp-image-143\" src=\"http:\/\/urbarhornaves.sk\/wp-content\/uploads\/pdf.png\" alt=\"pdf\" width=\"30\" height=\"46\" srcset=\"http:\/\/urbarhornaves.sk\/wp-content\/uploads\/pdf.png 356w, http:\/\/urbarhornaves.sk\/wp-content\/uploads\/pdf-194x300.png 194w\" sizes=\"(max-width: 30px) 100vw, 30px\" \/><\/a><a href=\"http:\/\/urbarhornaves.sk\/wp-content\/uploads\/splnomocnenie2020.pdf\">Splnomocnenie na prevzatie dreva za r. 2020<\/a><br \/>\n(PDF, 189 Kb)<\/p>\n<p>&nbsp;<\/p>\n<p><a title=\"Zoznam podielnikov \u2013 N\u00c1ROK NA DREVO na r.2017 Star\u00fd h\u00e1j\" href=\"http:\/\/urbarhornaves.sk\/wp-content\/uploads\/stary_haj2018.pdf\" target=\"_blank\"><img loading=\"lazy\" class=\"alignleft wp-image-143\" src=\"http:\/\/urbarhornaves.sk\/wp-content\/uploads\/pdf.png\" alt=\"pdf\" width=\"30\" height=\"46\" srcset=\"http:\/\/urbarhornaves.sk\/wp-content\/uploads\/pdf.png 356w, http:\/\/urbarhornaves.sk\/wp-content\/uploads\/pdf-194x300.png 194w\" sizes=\"(max-width: 30px) 100vw, 30px\" \/><\/a><br \/>\n<a href=\"http:\/\/urbarhornaves.sk\/wp-content\/uploads\/stary_haj2018.pdf\" target=\"_blank\"> Zoznam podielnikov \u2013 N\u00c1ROK NA DREVO na r.2018 Star\u00fd h\u00e1j<\/a><br \/>\n(PDF, 100 Kb)<\/p>\n<p>&nbsp;<\/p>\n<p><a title=\"Zoznam Zemani\" href=\"http:\/\/urbarhornaves.sk\/wp-content\/uploads\/zemani2018.pdf\" target=\"_blank\"><img loading=\"lazy\" class=\"alignleft wp-image-143\" src=\"http:\/\/urbarhornaves.sk\/wp-content\/uploads\/pdf.png\" alt=\"pdf\" width=\"30\" height=\"46\" srcset=\"http:\/\/urbarhornaves.sk\/wp-content\/uploads\/pdf.png 356w, http:\/\/urbarhornaves.sk\/wp-content\/uploads\/pdf-194x300.png 194w\" sizes=\"(max-width: 30px) 100vw, 30px\" \/><\/a><a title=\"Zoznam Zemani\" href=\"http:\/\/urbarhornaves.sk\/wp-content\/uploads\/zemani2018.pdf\" target=\"_blank\">Zoznam &#8211; n\u00e1rok na \u0161tiepku a drevo na rok 2018 &#8211; Zemani &#8211; Pacov<\/a><br \/>\n(PDF, 89\u00a0Kb)<\/p>\n<p>&nbsp;<\/p>\n<p><a title=\"Splnomocnenie na prevzatie dreva za r. 2017\" href=\"http:\/\/urbarhornaves.sk\/wp-content\/uploads\/splnomocnenie2018.pdf\" target=\"_blank\"><img loading=\"lazy\" class=\"alignleft wp-image-143\" src=\"http:\/\/urbarhornaves.sk\/wp-content\/uploads\/pdf.png\" alt=\"pdf\" width=\"30\" height=\"46\" srcset=\"http:\/\/urbarhornaves.sk\/wp-content\/uploads\/pdf.png 356w, http:\/\/urbarhornaves.sk\/wp-content\/uploads\/pdf-194x300.png 194w\" sizes=\"(max-width: 30px) 100vw, 30px\" \/><\/a><a title=\"Splnomocnenie na prevzatie dreva za r. 2017\" href=\"http:\/\/urbarhornaves.sk\/wp-content\/uploads\/splnomocnenie2018.pdf\" target=\"_blank\">Splnomocnenie na prevzatie dreva za r. 2018<\/a><br \/>\n(PDF, 45\u00a0Kb)<\/p>\n<p>&nbsp;<\/p>\n<p><a title=\"Urb\u00e1r les, pasienky - mapa\" href=\"http:\/\/urbarhornaves.sk\/wp-content\/uploads\/urbar_les_pasienky.pdf\" target=\"_blank\"><img loading=\"lazy\" class=\"alignleft wp-image-143\" src=\"http:\/\/urbarhornaves.sk\/wp-content\/uploads\/pdf.png\" alt=\"pdf\" width=\"30\" height=\"46\" srcset=\"http:\/\/urbarhornaves.sk\/wp-content\/uploads\/pdf.png 356w, http:\/\/urbarhornaves.sk\/wp-content\/uploads\/pdf-194x300.png 194w\" sizes=\"(max-width: 30px) 100vw, 30px\" \/><\/a><a title=\"Urb\u00e1r les, pasienky - mapa\" href=\"http:\/\/urbarhornaves.sk\/wp-content\/uploads\/urbar_les_pasienky.pdf\" target=\"_blank\">Urb\u00e1r les, pasienky &#8211; mapa<\/a><br \/>\n(PDF, 6 450\u00a0Kb)<\/p>\n<p>&nbsp;<\/p>\n<p><a title=\"Urb\u00e1r les Star\u00fd H\u00e1j - mapa\" href=\"http:\/\/urbarhornaves.sk\/wp-content\/uploads\/urbar_les_stary_haj.pdf\" target=\"_blank\"><img loading=\"lazy\" class=\"alignleft wp-image-143\" src=\"http:\/\/urbarhornaves.sk\/wp-content\/uploads\/pdf.png\" alt=\"pdf\" width=\"30\" height=\"46\" srcset=\"http:\/\/urbarhornaves.sk\/wp-content\/uploads\/pdf.png 356w, http:\/\/urbarhornaves.sk\/wp-content\/uploads\/pdf-194x300.png 194w\" sizes=\"(max-width: 30px) 100vw, 30px\" \/><\/a><a title=\"Urb\u00e1r les Star\u00fd H\u00e1j - mapa\" href=\"http:\/\/urbarhornaves.sk\/wp-content\/uploads\/urbar_les_stary_haj.pdf\" target=\"_blank\">Urb\u00e1r les Star\u00fd H\u00e1j &#8211; mapa<\/a><br \/>\n(PDF, 6 553\u00a0Kb)<\/p>\n<p>&nbsp;<\/p>\n<p><a title=\"Urb\u00e1r mapa\" href=\"http:\/\/urbarhornaves.sk\/wp-content\/uploads\/urbar_mapa.pdf\" target=\"_blank\"><img loading=\"lazy\" class=\"alignleft wp-image-143\" src=\"http:\/\/urbarhornaves.sk\/wp-content\/uploads\/pdf.png\" alt=\"pdf\" width=\"30\" height=\"46\" srcset=\"http:\/\/urbarhornaves.sk\/wp-content\/uploads\/pdf.png 356w, http:\/\/urbarhornaves.sk\/wp-content\/uploads\/pdf-194x300.png 194w\" sizes=\"(max-width: 30px) 100vw, 30px\" \/><\/a><a title=\"Urb\u00e1r mapa\" href=\"http:\/\/urbarhornaves.sk\/wp-content\/uploads\/urbar_mapa.pdf\" target=\"_blank\">Urb\u00e1r mapa<\/a><br \/>\n(PDF, 1 050\u00a0Kb)<\/p>\n<p>&nbsp;<\/p>\n<p><a title=\"Pekn\u00e1 prezent\u00e1cia o stromoch\" href=\"http:\/\/urbarhornaves.sk\/wp-content\/uploads\/Stromy.pps\" target=\"_blank\"><img loading=\"lazy\" class=\"alignleft wp-image-143\" src=\"http:\/\/urbarhornaves.sk\/wp-content\/uploads\/pps_256.png\" alt=\"pdf\" width=\"30\" height=\"46\" \/><\/a><a title=\"Pekn\u00e1 prezent\u00e1cia o stromoch\" href=\"http:\/\/urbarhornaves.sk\/wp-content\/uploads\/Stromy.pps\" target=\"_blank\">Pekn\u00e1 prezent\u00e1cia o stromoch<\/a><br \/>\n(Prezent\u00e1cia, 8 784 Kb)<\/p>\n<p>&nbsp;<\/p>\n<p><a title=\"Splnomocnenie na prevzatie dreva a inej hmoty na rok 2015\" href=\"http:\/\/urbarhornaves.sk\/wp-content\/uploads\/zmluva.pdf\" target=\"_blank\"><img loading=\"lazy\" class=\"alignleft wp-image-143\" src=\"http:\/\/urbarhornaves.sk\/wp-content\/uploads\/pdf.png\" alt=\"pdf\" width=\"30\" height=\"46\" srcset=\"http:\/\/urbarhornaves.sk\/wp-content\/uploads\/pdf.png 356w, http:\/\/urbarhornaves.sk\/wp-content\/uploads\/pdf-194x300.png 194w\" sizes=\"(max-width: 30px) 100vw, 30px\" \/><\/a><\/p>\n<p><a title=\"Zmluva\" href=\"http:\/\/urbarhornaves.sk\/wp-content\/uploads\/zmluva.pdf\" target=\"_blank\">Zmluva platn\u00e1 od 19.4.2015<br \/>\no zalo\u017een\u00ed pozemkov\u00e9ho spolo\u010denstva vlastn\u00edkov podielov spolo\u010dnej nehnute\u013enosti <\/a>\u00a0 (PDF, 131 Kb)<\/p>\n<p>&nbsp;<\/p>\n<p><a title=\"Splnomocnenie na prevzatie dreva a inej hmoty na rok 2015\" href=\"http:\/\/urbarhornaves.sk\/wp-content\/uploads\/stanovy1.pdf\" target=\"_blank\"><img loading=\"lazy\" class=\"alignleft wp-image-143\" src=\"http:\/\/urbarhornaves.sk\/wp-content\/uploads\/pdf.png\" alt=\"pdf\" width=\"30\" height=\"46\" srcset=\"http:\/\/urbarhornaves.sk\/wp-content\/uploads\/pdf.png 356w, http:\/\/urbarhornaves.sk\/wp-content\/uploads\/pdf-194x300.png 194w\" sizes=\"(max-width: 30px) 100vw, 30px\" \/><\/a><\/p>\n<p><a title=\"Stanovy\" href=\"http:\/\/urbarhornaves.sk\/wp-content\/uploads\/stanovy1.pdf\" target=\"_blank\">Stanovy platn\u00e9 od 19.4.2015<br \/>\npozemkov\u00e9ho spolo\u010denstva urbari\u00e1tu vlastn\u00edkov lesov, po\u013enohospod\u00e1rskych<br \/>\na in\u00fdch pozemkov a ostan\u00e9ho majetku<br \/>\n<\/a>\u00a0 (PDF, 160Kb)<\/p>\n<p>&nbsp;<\/p>\n<p><a title=\"Not\u00e1rska z\u00e1pisnica\" href=\"http:\/\/urbarhornaves.sk\/wp-content\/uploads\/notarska_zapisnica.pdf\" target=\"_blank\"><img loading=\"lazy\" class=\"alignleft wp-image-143\" src=\"http:\/\/urbarhornaves.sk\/wp-content\/uploads\/pdf.png\" alt=\"pdf\" width=\"30\" height=\"46\" srcset=\"http:\/\/urbarhornaves.sk\/wp-content\/uploads\/pdf.png 356w, http:\/\/urbarhornaves.sk\/wp-content\/uploads\/pdf-194x300.png 194w\" sizes=\"(max-width: 30px) 100vw, 30px\" \/><\/a><\/p>\n<p><a title=\"Not\u00e1rska z\u00e1pisnica\" href=\"http:\/\/urbarhornaves.sk\/wp-content\/uploads\/notarska_zapisnica.pdf\" target=\"_blank\">Not\u00e1rska z\u00e1pisnica z valn\u00e9ho zhroma\u017edenia konan\u00e9ho 18.1.2014 <\/a> (PDF, 2 003 Kb)<\/p>\n<p>&nbsp;<\/p>\n<p><a title=\"Splnomocnenie na prevzatie dreva a inej hmoty na rok 2015\" href=\"http:\/\/urbarhornaves.sk\/wp-content\/uploads\/zmluva_o_zalozeni_urbarskeho_spolocenstva.pdf\" target=\"_blank\"><img loading=\"lazy\" class=\"alignleft wp-image-143\" src=\"http:\/\/urbarhornaves.sk\/wp-content\/uploads\/pdf.png\" alt=\"pdf\" width=\"30\" height=\"46\" srcset=\"http:\/\/urbarhornaves.sk\/wp-content\/uploads\/pdf.png 356w, http:\/\/urbarhornaves.sk\/wp-content\/uploads\/pdf-194x300.png 194w\" sizes=\"(max-width: 30px) 100vw, 30px\" \/><\/a><\/p>\n<p><a title=\"Splnomocnenie na prevzatie dreva a inej hmoty na rok 2015\" href=\"http:\/\/urbarhornaves.sk\/wp-content\/uploads\/zmluva_o_zalozeni_urbarskeho_spolocenstva.pdf\" target=\"_blank\">Zmluva platn\u00e1 od 18.1.2014<br \/>\no zalo\u017een\u00ed pozemkov\u00e9ho spolo\u010denstva vlastn\u00edkov podielov spolo\u010dnej nehnute\u013enosti <\/a>\u00a0 (PDF, 117 Kb)<\/p>\n<p>&nbsp;<\/p>\n<p><a title=\"Splnomocnenie na prevzatie dreva a inej hmoty na rok 2015\" href=\"http:\/\/urbarhornaves.sk\/wp-content\/uploads\/stanovy.pdf\" target=\"_blank\"><img loading=\"lazy\" class=\"alignleft wp-image-143\" src=\"http:\/\/urbarhornaves.sk\/wp-content\/uploads\/pdf.png\" alt=\"pdf\" width=\"30\" height=\"46\" srcset=\"http:\/\/urbarhornaves.sk\/wp-content\/uploads\/pdf.png 356w, http:\/\/urbarhornaves.sk\/wp-content\/uploads\/pdf-194x300.png 194w\" sizes=\"(max-width: 30px) 100vw, 30px\" \/><\/a><\/p>\n<p><a title=\"Splnomocnenie na prevzatie dreva a inej hmoty na rok 2015\" href=\"http:\/\/urbarhornaves.sk\/wp-content\/uploads\/stanovy.pdf\" target=\"_blank\">Stanovy platn\u00e9 od 18.1.2014 pozemkov\u00e9ho spolo\u010denstva urbari\u00e1tu vlastn\u00edkov lesov, po\u013enohospod\u00e1rskych a in\u00fdch pozemkov a ostan\u00e9ho majetku<br \/>\n<\/a>\u00a0 (PDF, 136 Kb)<\/p>\n<p>&nbsp;<\/p>\n<p>&nbsp;<\/p>\n","protected":false},"excerpt":{"rendered":"<p>Dokumenty na stiahnutie alebo vytla\u010denie v PDF form\u00e1te: &nbsp; Zmluva o pozemkovom splo\u010denstve &nbsp; Stanovy Urb\u00e1r H. ves platn\u00e9 od_18.1.2014 &nbsp; Zoznam clenov &#8211; fyzicke osoby &#8211; zemiansky majetok &nbsp; Zoznam clenov &#8211; fyzicke osoby &#8211; urbar &nbsp; Zoznam clenov &#8211; pravnicke osoby &#8211; urbar &nbsp; Zoznam clenov &#8211; pravnicke osoby &#8211; zemiansky majetok &nbsp; [&hellip;]<\/p>\n","protected":false},"author":1,"featured_media":0,"parent":0,"menu_order":0,"comment_status":"closed","ping_status":"closed","template":"","meta":[],"_links":{"self":[{"href":"http:\/\/urbarhornaves.sk\/index.php?rest_route=\/wp\/v2\/pages\/141"}],"collection":[{"href":"http:\/\/urbarhornaves.sk\/index.php?rest_route=\/wp\/v2\/pages"}],"about":[{"href":"http:\/\/urbarhornaves.sk\/index.php?rest_route=\/wp\/v2\/types\/page"}],"author":[{"embeddable":true,"href":"http:\/\/urbarhornaves.sk\/index.php?rest_route=\/wp\/v2\/users\/1"}],"replies":[{"embeddable":true,"href":"http:\/\/urbarhornaves.sk\/index.php?rest_route=%2Fwp%2Fv2%2Fcomments&post=141"}],"version-history":[{"count":37,"href":"http:\/\/urbarhornaves.sk\/index.php?rest_route=\/wp\/v2\/pages\/141\/revisions"}],"predecessor-version":[{"id":1154,"href":"http:\/\/urbarhornaves.sk\/index.php?rest_route=\/wp\/v2\/pages\/141\/revisions\/1154"}],"wp:attachment":[{"href":"http:\/\/urbarhornaves.sk\/index.php?rest_route=%2Fwp%2Fv2%2Fmedia&parent=141"}],"curies":[{"name":"wp","href":"https:\/\/api.w.org\/{rel}","templated":true}]}}