{"id":164,"date":"2014-10-29T12:00:32","date_gmt":"2014-10-29T10:00:32","guid":{"rendered":"http:\/\/urbarhornaves.sk\/new\/?page_id=164"},"modified":"2019-05-21T14:49:27","modified_gmt":"2019-05-21T12:49:27","slug":"dozorna-rada","status":"publish","type":"page","link":"http:\/\/urbarhornaves.sk\/?page_id=164","title":{"rendered":"Dozorn\u00e1 rada"},"content":{"rendered":"<h3><span style=\"color: #99cc00;\"><strong>Dozorn\u00e1 rada<\/strong><\/span><\/h3>\n<p>&nbsp;<\/p>\n<p><strong>Predseda:<\/strong> Valter Rudolf &#8211; 0907149257<\/p>\n<p><strong>\u010clenovia:<\/strong><\/p>\n<p>Jozef Jan\u010dich  &#8211; 0944140818<\/p>\n<p>Labo Jozef &#8211;  0902226484   <\/p>\n<p>&nbsp;<\/p>\n<p>&nbsp;<\/p>\n","protected":false},"excerpt":{"rendered":"<p>Dozorn\u00e1 rada &nbsp; Predseda: Valter Rudolf &#8211; 0907149257 \u010clenovia: Jozef Jan\u010dich &#8211; 0944140818 Labo Jozef &#8211; 0902226484 &nbsp; &nbsp;<\/p>\n","protected":false},"author":1,"featured_media":0,"parent":0,"menu_order":0,"comment_status":"closed","ping_status":"closed","template":"","meta":[],"_links":{"self":[{"href":"http:\/\/urbarhornaves.sk\/index.php?rest_route=\/wp\/v2\/pages\/164"}],"collection":[{"href":"http:\/\/urbarhornaves.sk\/index.php?rest_route=\/wp\/v2\/pages"}],"about":[{"href":"http:\/\/urbarhornaves.sk\/index.php?rest_route=\/wp\/v2\/types\/page"}],"author":[{"embeddable":true,"href":"http:\/\/urbarhornaves.sk\/index.php?rest_route=\/wp\/v2\/users\/1"}],"replies":[{"embeddable":true,"href":"http:\/\/urbarhornaves.sk\/index.php?rest_route=%2Fwp%2Fv2%2Fcomments&post=164"}],"version-history":[{"count":8,"href":"http:\/\/urbarhornaves.sk\/index.php?rest_route=\/wp\/v2\/pages\/164\/revisions"}],"predecessor-version":[{"id":1063,"href":"http:\/\/urbarhornaves.sk\/index.php?rest_route=\/wp\/v2\/pages\/164\/revisions\/1063"}],"wp:attachment":[{"href":"http:\/\/urbarhornaves.sk\/index.php?rest_route=%2Fwp%2Fv2%2Fmedia&parent=164"}],"curies":[{"name":"wp","href":"https:\/\/api.w.org\/{rel}","templated":true}]}}