{"id":2,"date":"2014-09-18T08:43:05","date_gmt":"2014-09-18T08:43:05","guid":{"rendered":"http:\/\/muap.sk\/cms\/?page_id=2"},"modified":"2020-01-03T14:37:22","modified_gmt":"2020-01-03T12:37:22","slug":"ukazka-strany","status":"publish","type":"page","link":"http:\/\/urbarhornaves.sk\/","title":{"rendered":"O n\u00e1s"},"content":{"rendered":"<h2><span style=\"color: #99cc00;\">V\u00edtame V\u00e1s na str\u00e1nke Urb\u00e1rskeho spolku p. s. Horn\u00e1 Ves<\/span><\/h2>\n<p>&nbsp;<\/p>\n<p><strong>V\u00e1\u017een\u00ed urb\u00e1rnici lesy pokr\u00fdvaj\u00fa \u0161tyri desatiny Slovenska a poskytuj\u00fa n\u00e1m v\u0161etk\u00fdm to, \u010do pre \u017eivot nevyhnutne potrebujeme, produkuj\u00fa kysl\u00edk a s\u00fa rezervo\u00e1rom vody a nielen to lesy chr\u00e1nia p\u00f4du pred er\u00f3ziou, zachyt\u00e1vaj\u00fa prach a hluk, s\u00fa domovom vo\u013ene \u017eij\u00facej zveri.<\/strong><\/p>\n<p><strong>\u010clovek sa nau\u010dil lesy vyu\u017e\u00edva\u0165, okrem oddychu a naberania nov\u00fdch s\u00edl, si tu lie\u010di r\u00f4zne civiliza\u010dn\u00e9 choroby. Drevo ako hlavn\u00e1 obnovite\u013en\u00e1 surovina, ktor\u00fa z\u00edskavame z lesa n\u00e1s sprev\u00e1dza po cel\u00fd \u017eivot.<\/strong><\/p>\n<div id=\"attachment_112\" style=\"width: 310px\" class=\"wp-caption alignleft\"><a href=\"http:\/\/urbarhornaves.sk\/wp-content\/uploads\/urbar.jpg\" target=\"_blank\"><img aria-describedby=\"caption-attachment-112\" loading=\"lazy\" class=\"wp-image-112 size-medium\" title=\"Mapa urb\u00e1ru\" src=\"http:\/\/urbarhornaves.sk\/wp-content\/uploads\/urbar-300x208.jpg\" alt=\"urbar\" width=\"300\" height=\"208\" srcset=\"http:\/\/urbarhornaves.sk\/wp-content\/uploads\/urbar-300x208.jpg 300w, http:\/\/urbarhornaves.sk\/wp-content\/uploads\/urbar.jpg 738w\" sizes=\"(max-width: 300px) 100vw, 300px\" \/><\/a><p id=\"caption-attachment-112\" class=\"wp-caption-text\">Mapa urb\u00e1ru<\/p><\/div>\n<p>&nbsp;<\/p>\n<p>&nbsp;<\/p>\n<p>&nbsp;<\/p>\n<p>&nbsp;<\/p>\n<p>&nbsp;<\/p>\n<p>&nbsp;<\/p>\n<p>&nbsp;<\/p>\n<p><em>V\u00fdbor spolo\u010denstva pre zlep\u0161enie informovanosti \u010dlenov sa rozhodol urobi\u0165 a zavies\u0165 webov\u00fa str\u00e1nku. Ka\u017ed\u00e9 spolo\u010denstvo resp. jeho v\u00fdbor m\u00e1 z\u00e1kladn\u00fa \u00falohu uspokojova\u0165 potreby svojich \u010dlenov a to dodr\u017eiavan\u00edm prijat\u00e9ho a schv\u00e1len\u00e9ho vn\u00fatorn\u00e9ho predpisu &#8211; stanov spolo\u010denstva.<\/em><\/p>\n<p>Z\u00e1rove\u0148 chceme informova\u0165 na\u0161u \u010dlensk\u00fa z\u00e1klad\u0148u, najm\u00e4 \u010dlenov a sympatizantov, ktor\u00ed b\u00fdvaj\u00fa mimo \u00fazemia na\u0161ej p\u00f4sobnosti o tom ako pracujeme, ako hospod\u00e1rime resp. ako sa naklad\u00e1 s na\u0161\u00edm spolo\u010dn\u00fdm majetkom.<\/p>\n<p>Prostredn\u00edctvom tejto str\u00e1nky V\u00e1m chceme da\u0165 mo\u017enos\u0165 vyjadri\u0165 sa k r\u00f4znym probl\u00e9mom, aj mimo rokovania Valn\u00e9ho zhroma\u017edenia, ktor\u00e9 sa poriada len raz ro\u010dne. Vhodn\u00e9 neanonymn\u00e9 pr\u00edspevky bud\u00fa predmetom jednania v\u00fdborov\u00fdch sch\u00f4dz\u00ed s vyjadren\u00edm stanoviska.<\/p>\n","protected":false},"excerpt":{"rendered":"<p>V\u00edtame V\u00e1s na str\u00e1nke Urb\u00e1rskeho spolku p. s. Horn\u00e1 Ves &nbsp; V\u00e1\u017een\u00ed urb\u00e1rnici lesy pokr\u00fdvaj\u00fa \u0161tyri desatiny Slovenska a poskytuj\u00fa n\u00e1m v\u0161etk\u00fdm to, \u010do pre \u017eivot nevyhnutne potrebujeme, produkuj\u00fa kysl\u00edk a s\u00fa rezervo\u00e1rom vody a nielen to lesy chr\u00e1nia p\u00f4du pred er\u00f3ziou, zachyt\u00e1vaj\u00fa prach a hluk, s\u00fa domovom vo\u013ene \u017eij\u00facej zveri. \u010clovek sa nau\u010dil lesy [&hellip;]<\/p>\n","protected":false},"author":1,"featured_media":0,"parent":0,"menu_order":0,"comment_status":"open","ping_status":"open","template":"","meta":[],"_links":{"self":[{"href":"http:\/\/urbarhornaves.sk\/index.php?rest_route=\/wp\/v2\/pages\/2"}],"collection":[{"href":"http:\/\/urbarhornaves.sk\/index.php?rest_route=\/wp\/v2\/pages"}],"about":[{"href":"http:\/\/urbarhornaves.sk\/index.php?rest_route=\/wp\/v2\/types\/page"}],"author":[{"embeddable":true,"href":"http:\/\/urbarhornaves.sk\/index.php?rest_route=\/wp\/v2\/users\/1"}],"replies":[{"embeddable":true,"href":"http:\/\/urbarhornaves.sk\/index.php?rest_route=%2Fwp%2Fv2%2Fcomments&post=2"}],"version-history":[{"count":20,"href":"http:\/\/urbarhornaves.sk\/index.php?rest_route=\/wp\/v2\/pages\/2\/revisions"}],"predecessor-version":[{"id":1139,"href":"http:\/\/urbarhornaves.sk\/index.php?rest_route=\/wp\/v2\/pages\/2\/revisions\/1139"}],"wp:attachment":[{"href":"http:\/\/urbarhornaves.sk\/index.php?rest_route=%2Fwp%2Fv2%2Fmedia&parent=2"}],"curies":[{"name":"wp","href":"https:\/\/api.w.org\/{rel}","templated":true}]}}