{"id":707,"date":"2017-04-13T15:20:33","date_gmt":"2017-04-13T13:20:33","guid":{"rendered":"http:\/\/urbarhornaves.sk\/?page_id=707"},"modified":"2018-01-08T18:05:57","modified_gmt":"2018-01-08T16:05:57","slug":"faktury-vystavene-rok-2017","status":"publish","type":"page","link":"http:\/\/urbarhornaves.sk\/?page_id=707","title":{"rendered":"Fakt\u00fary vystaven\u00e9 \u2013 rok 2017"},"content":{"rendered":"<p><a href=\"http:\/\/urbarhornaves.sk\/wp-content\/uploads\/1_2017.pdf\" target=\"_blank\"><span style=\"color: #99cc00;\"><strong> 1\u00a0&#8211;\u00a02017 Slivka Miroslav Rudica<\/strong><\/span><\/a><br \/>\n<a href=\"http:\/\/urbarhornaves.sk\/wp-content\/uploads\/2_2017.pdf\" target=\"_blank\"><span style=\"color: #99cc00;\"><strong> 2\u00a0&#8211;\u00a02017 StonWood Oslany<\/strong><\/span><\/a><br \/>\n<a href=\"http:\/\/urbarhornaves.sk\/wp-content\/uploads\/3_2017.pdf\" target=\"_blank\"><span style=\"color: #99cc00;\"><strong> 3\u00a0&#8211;\u00a02017 Viedie\u010dan Marek<\/strong><\/span><\/a><br \/>\n<a href=\"http:\/\/urbarhornaves.sk\/wp-content\/uploads\/4_2017.pdf\" target=\"_blank\"><span style=\"color: #99cc00;\"><strong> 4\u00a0&#8211; 2017 Dvorsk\u00fd Ivan UR sklad<\/strong><\/span><\/a><br \/>\n<a href=\"http:\/\/urbarhornaves.sk\/wp-content\/uploads\/5_2017.pdf\" target=\"_blank\"><span style=\"color: #99cc00;\"><strong> 5\u00a0&#8211;\u00a02017 Rudolf Valter UR Sklad<\/strong><\/span><\/a><br \/>\n<a href=\"http:\/\/urbarhornaves.sk\/wp-content\/uploads\/6_2017.pdf\" target=\"_blank\"><span style=\"color: #99cc00;\"><strong> 6\u00a0&#8211;\u00a02017 Poliak Juraj Nov\u00e1ky UR Sklad<\/strong><\/span><\/a><br \/>\n<a href=\"http:\/\/urbarhornaves.sk\/wp-content\/uploads\/7_2017.pdf\" target=\"_blank\"><span style=\"color: #99cc00;\"><strong> 7\u00a0&#8211;\u00a02017 Belianska M\u00e1ria Kola\u010dno, Poliak Mari\u00e1n H. Ves<\/strong><\/span><\/a><br \/>\n<a href=\"http:\/\/urbarhornaves.sk\/wp-content\/uploads\/8_2017.pdf\" target=\"_blank\"><span style=\"color: #99cc00;\"><strong> 8 &#8211; 2017 R.K.Cirkev Horn\u00e1 Ves<\/strong><\/span><\/a><br \/>\n<a href=\"http:\/\/urbarhornaves.sk\/wp-content\/uploads\/9_2017.pdf\" target=\"_blank\"><span style=\"color: #99cc00;\"><strong> 9 &#8211; 2017 Ruskov\u00e1 Nat\u00e1lia<\/strong><\/span><\/a><br \/>\n<a href=\"http:\/\/urbarhornaves.sk\/wp-content\/uploads\/10_2017.pdf\" target=\"_blank\"><span style=\"color: #99cc00;\"><strong> 10 &#8211; 2017 Milan Poliak<\/strong><\/span><\/a><br \/>\n<a href=\"http:\/\/urbarhornaves.sk\/wp-content\/uploads\/11_2017.pdf\" target=\"_blank\"><span style=\"color: #99cc00;\"><strong> 11 &#8211; 2017 R.K.Cirkev Horn\u00e1 Ves<\/strong><\/span><\/a><br \/>\n<a href=\"http:\/\/urbarhornaves.sk\/wp-content\/uploads\/12_2017.pdf\" target=\"_blank\"><span style=\"color: #99cc00;\"><strong> 12 &#8211; 2017 Jamri\u0161kov\u00e1 Erika<\/strong><\/span><\/a><br \/>\n<a href=\"http:\/\/urbarhornaves.sk\/wp-content\/uploads\/13_2017.pdf\" target=\"_blank\"><span style=\"color: #99cc00;\"><strong> 13 &#8211; 2017 Jan\u010dich Jozef<\/strong><\/span><\/a><br \/>\n<a href=\"http:\/\/urbarhornaves.sk\/wp-content\/uploads\/14_2017.pdf\" target=\"_blank\"><span style=\"color: #99cc00;\"><strong> 14 &#8211; 2017 Valenteje Katar\u00edna a \u0160tefan<\/strong><\/span><\/a><br \/>\n<a href=\"http:\/\/urbarhornaves.sk\/wp-content\/uploads\/15_2017.pdf\" target=\"_blank\"><span style=\"color: #99cc00;\"><strong> 15 &#8211; 2017 Kobesov\u00e1 M\u00e1ria<\/strong><\/span><\/a><br \/>\n<a href=\"http:\/\/urbarhornaves.sk\/wp-content\/uploads\/16_2017.pdf\" target=\"_blank\"><span style=\"color: #99cc00;\"><strong> 16 &#8211; 2017 Dvorsk\u00fd Ivan<\/strong><\/span><\/a><br \/>\n<a href=\"http:\/\/urbarhornaves.sk\/wp-content\/uploads\/17_2017.pdf\" target=\"_blank\"><span style=\"color: #99cc00;\"><strong> 17 &#8211; 2017 Janlkula Jozef <\/strong><\/span><\/a><br \/>\n<a href=\"http:\/\/urbarhornaves.sk\/wp-content\/uploads\/18_2017.pdf\" target=\"_blank\"><span style=\"color: #99cc00;\"><strong> 18 &#8211; 2017 Jan\u010dich \u0160tefan<\/strong><\/span><\/a><br \/>\n<a href=\"http:\/\/urbarhornaves.sk\/wp-content\/uploads\/19_2017.pdf\" target=\"_blank\"><span style=\"color: #99cc00;\"><strong> 19 &#8211; 2017 Hoz\u00e1k Mari\u00e1n<\/strong><\/span><\/a><br \/>\n<a href=\"http:\/\/urbarhornaves.sk\/wp-content\/uploads\/20_2017.pdf\" target=\"_blank\"><span style=\"color: #99cc00;\"><strong> 20 &#8211; 2017 Bukovianska \u013dudmila, \u0160kodov\u00e1 Em\u00edlia<\/strong><\/span><\/a><br \/>\n<a href=\"http:\/\/urbarhornaves.sk\/wp-content\/uploads\/21_2017.pdf\" target=\"_blank\"><span style=\"color: #99cc00;\"><strong> 21 &#8211; 2017 R.K.Cirkev Horn\u00e1 Ves<\/strong><\/span><\/a><br \/>\n<a href=\"http:\/\/urbarhornaves.sk\/wp-content\/uploads\/22_2017.pdf\" target=\"_blank\"><span style=\"color: #99cc00;\"><strong> 22 &#8211; 2017 Radosov\u00e1 Helenka<\/strong><\/span><\/a><br \/>\n<a href=\"http:\/\/urbarhornaves.sk\/wp-content\/uploads\/23_2017.pdf\" target=\"_blank\"><span style=\"color: #99cc00;\"><strong> 23 &#8211; 2017 Za\u0165ko J\u00e1n ml.<\/strong><\/span><\/a><br \/>\n<a href=\"http:\/\/urbarhornaves.sk\/wp-content\/uploads\/24_2017.pdf\" target=\"_blank\"><span style=\"color: #99cc00;\"><strong> 24 &#8211; 2017 Schnierer Pavol <\/strong><\/span><\/a><br \/>\n<a href=\"http:\/\/urbarhornaves.sk\/wp-content\/uploads\/25_2017.pdf\" target=\"_blank\"><span style=\"color: #99cc00;\"><strong> 25 &#8211; 2017 Jamri\u0161kov\u00e1 Erika<\/strong><\/span><\/a><br \/>\n<a href=\"http:\/\/urbarhornaves.sk\/wp-content\/uploads\/26_2017.pdf\" target=\"_blank\"><span style=\"color: #99cc00;\"><strong> 26 &#8211; 2017 Va\u017eanov\u00e1 &#8211; Belis<\/strong><\/span><\/a><br \/>\n<a href=\"http:\/\/urbarhornaves.sk\/wp-content\/uploads\/27_2017.pdf\" target=\"_blank\"><span style=\"color: #99cc00;\"><strong> 27 &#8211; 2017 Belianska Anna<\/strong><\/span><\/a><br \/>\n<a href=\"http:\/\/urbarhornaves.sk\/wp-content\/uploads\/28_2017.pdf\" target=\"_blank\"><span style=\"color: #99cc00;\"><strong> 28 &#8211; 2017 Karakov\u00e1 Andrea<\/strong><\/span><\/a><br \/>\n<a href=\"http:\/\/urbarhornaves.sk\/wp-content\/uploads\/29_2017.pdf\" target=\"_blank\"><span style=\"color: #99cc00;\"><strong> 29 &#8211; 2017 R.K.Cirkev Horn\u00e1 Ves<\/strong><\/span><\/a><br \/>\n<a href=\"http:\/\/urbarhornaves.sk\/wp-content\/uploads\/30_2017.pdf\" target=\"_blank\"><span style=\"color: #99cc00;\"><strong> 30 &#8211; 2017 Dvorsk\u00fd Ivan<\/strong><\/span><\/a><br \/>\n<a href=\"http:\/\/urbarhornaves.sk\/wp-content\/uploads\/31_2017.pdf\" target=\"_blank\"><span style=\"color: #99cc00;\"><strong> 31 &#8211; 2017 Kobes Anton<\/strong><\/span><\/a><br \/>\n<a href=\"http:\/\/urbarhornaves.sk\/wp-content\/uploads\/32_2017.pdf\" target=\"_blank\"><span style=\"color: #99cc00;\"><strong> 32 &#8211; 2017 Milan Poljak<\/strong><\/span><\/a><br \/>\n<a href=\"http:\/\/urbarhornaves.sk\/wp-content\/uploads\/33_2017.pdf\" target=\"_blank\"><span style=\"color: #99cc00;\"><strong> 33 &#8211; 2017 Nechalov\u00e1 M. Jamri\u0161ka J. Ing.<\/strong><\/span><\/a><br \/>\n<a href=\"http:\/\/urbarhornaves.sk\/wp-content\/uploads\/34_2017.pdf\" target=\"_blank\"><span style=\"color: #99cc00;\"><strong> 34 &#8211; 2017 Deviatka Vlastimil <\/strong><\/span><\/a><br \/>\n<a href=\"http:\/\/urbarhornaves.sk\/wp-content\/uploads\/35_2017.pdf\" target=\"_blank\"><span style=\"color: #99cc00;\"><strong> 35 &#8211; 2017 Shcnierer Pavol<\/strong><\/span><\/a><br \/>\n<a href=\"http:\/\/urbarhornaves.sk\/wp-content\/uploads\/36_2017.pdf\" target=\"_blank\"><span style=\"color: #99cc00;\"><strong> 36 &#8211; 2017 Barto\u0161 J\u00e1n, Dvorsk\u00fd Ivan<\/strong><\/span><\/a><br \/>\n<a href=\"http:\/\/urbarhornaves.sk\/wp-content\/uploads\/37_2017.pdf\" target=\"_blank\"><span style=\"color: #99cc00;\"><strong> 37 &#8211; 2017 Kobesov\u00e1 M\u00e1ria, Viliam Barto\u0161. Dvorsk\u00fd I.<\/strong><\/span><\/a><br \/>\n<a href=\"http:\/\/urbarhornaves.sk\/wp-content\/uploads\/38_2017.pdf\" target=\"_blank\"><span style=\"color: #99cc00;\"><strong> 38 &#8211; 2017 Ruskov\u00e1 Nat\u00e1lia<\/strong><\/span><\/a><br \/>\n<a href=\"http:\/\/urbarhornaves.sk\/wp-content\/uploads\/39_2017.pdf\" target=\"_blank\"><span style=\"color: #99cc00;\"><strong> 39 &#8211; 2017 Ing. \u0160tefan Folt\u00e1n<\/strong><\/span><\/a><br \/>\n<a href=\"http:\/\/urbarhornaves.sk\/wp-content\/uploads\/40_2017.pdf\" target=\"_blank\"><span style=\"color: #99cc00;\"><strong> 40 &#8211; 2017 P\u00e1le\u0161ov\u00e1 Em\u00edlia<\/strong><\/span><\/a><br \/>\n<a href=\"http:\/\/urbarhornaves.sk\/wp-content\/uploads\/41_2017.pdf\" target=\"_blank\"><span style=\"color: #99cc00;\"><strong> 41 &#8211; 2017 Ing. \u0160tefan Folt\u00e1n, P\u00e1le\u0161ov\u00e1<\/strong><\/span><\/a><br \/>\n<a href=\"http:\/\/urbarhornaves.sk\/wp-content\/uploads\/42_2017.pdf\" target=\"_blank\"><span style=\"color: #99cc00;\"><strong> 42 &#8211; 2017 Dvorsk\u00fd I.,  P\u00e1le\u0161ov\u00e1 E.<\/strong><\/span><\/a><br \/>\n<a href=\"http:\/\/urbarhornaves.sk\/wp-content\/uploads\/43_2017.pdf\" target=\"_blank\"><span style=\"color: #99cc00;\"><strong> 43 &#8211; 2017 Kardo\u0161<\/strong><\/span><\/a><br \/>\n<a href=\"http:\/\/urbarhornaves.sk\/wp-content\/uploads\/44_2017.pdf\" target=\"_blank\"><span style=\"color: #99cc00;\"><strong> 44 &#8211; 2017 Kardo\u0161 Dub <\/strong><\/span><\/a><br \/>\n<a href=\"http:\/\/urbarhornaves.sk\/wp-content\/uploads\/45_2017.pdf\" target=\"_blank\"><span style=\"color: #99cc00;\"><strong> 45 &#8211; 2017 Kardo\u0161 Henrich<\/strong><\/span><\/a><br \/>\n<a href=\"http:\/\/urbarhornaves.sk\/wp-content\/uploads\/46_2017.pdf\" target=\"_blank\"><span style=\"color: #99cc00;\"><strong> 46 &#8211; 2017 R.K.Cirkev Horn\u00e1 Ves<\/strong><\/span><\/a><br \/>\n<a href=\"http:\/\/urbarhornaves.sk\/wp-content\/uploads\/47_2017.pdf\" target=\"_blank\"><span style=\"color: #99cc00;\"><strong> 47 &#8211; 2017 Zelenka Peter <\/strong><\/span><\/a><br \/>\n<a href=\"http:\/\/urbarhornaves.sk\/wp-content\/uploads\/48_2017.pdf\" target=\"_blank\"><span style=\"color: #99cc00;\"><strong> 48 &#8211; 2017 Daniel Glenda<\/strong><\/span><\/a><br \/>\n<a href=\"http:\/\/urbarhornaves.sk\/wp-content\/uploads\/49_2017.pdf\" target=\"_blank\"><span style=\"color: #99cc00;\"><strong> 49 &#8211; 2017 Ing. \u0160tefan Folt\u00e1n<\/strong><\/span><\/a><br \/>\n<a href=\"http:\/\/urbarhornaves.sk\/wp-content\/uploads\/50_2017.pdf\" target=\"_blank\"><span style=\"color: #99cc00;\"><strong> 50 &#8211; 2017 Vlater J\u00e1n, Miertov\u00e1 O.<\/strong><\/span><\/a><br \/>\n<a href=\"http:\/\/urbarhornaves.sk\/wp-content\/uploads\/51_2017.pdf\" target=\"_blank\"><span style=\"color: #99cc00;\"><strong> 51 &#8211; 2017 Jankul Jozef, Jankula J\u00e1n<\/strong><\/span><\/a><br \/>\n<a href=\"http:\/\/urbarhornaves.sk\/wp-content\/uploads\/52_2017.pdf\" target=\"_blank\"><span style=\"color: #99cc00;\"><strong> 52 &#8211; 2017 Ivan Kme\u0165<\/strong><\/span><\/a><br \/>\n<a href=\"http:\/\/urbarhornaves.sk\/wp-content\/uploads\/53_2017.pdf\" target=\"_blank\"><span style=\"color: #99cc00;\"><strong> 53 &#8211; 2017 Dvorsk\u00fd Ivan<\/strong><\/span><\/a><br \/>\n<a href=\"http:\/\/urbarhornaves.sk\/wp-content\/uploads\/54_2017.pdf\" target=\"_blank\"><span style=\"color: #99cc00;\"><strong> 54 &#8211; 2017 Kme\u0165ov\u00e1 Eva <\/strong><\/span><\/a><br \/>\n<a href=\"http:\/\/urbarhornaves.sk\/wp-content\/uploads\/55_2017.pdf\" target=\"_blank\"><span style=\"color: #99cc00;\"><strong> 55 &#8211; 2017 Valter J\u00e1n<\/strong><\/span><\/a><br \/>\n<a href=\"http:\/\/urbarhornaves.sk\/wp-content\/uploads\/56_2017.pdf\" target=\"_blank\"><span style=\"color: #99cc00;\"><strong> 56 &#8211; 2017 Kme\u0165 Miroslav<\/strong><\/span><\/a><br \/>\n<a href=\"http:\/\/urbarhornaves.sk\/wp-content\/uploads\/57_2017.pdf\" target=\"_blank\"><span style=\"color: #99cc00;\"><strong> 57 &#8211; 2017 Mirtov\u00e1 O\u013ega<\/strong><\/span><\/a><br \/>\n<a href=\"http:\/\/urbarhornaves.sk\/wp-content\/uploads\/58_2017.pdf\" target=\"_blank\"><span style=\"color: #99cc00;\"><strong> 58 &#8211; 2017 Urbanov\u00e1 Jaroslava<\/strong><\/span><\/a><br \/>\n<a href=\"http:\/\/urbarhornaves.sk\/wp-content\/uploads\/59_2017.pdf\" target=\"_blank\"><span style=\"color: #99cc00;\"><strong> 59 &#8211; 2017 Dvorsk\u00fdn I.<\/strong><\/span><\/a><br \/>\n<a href=\"http:\/\/urbarhornaves.sk\/wp-content\/uploads\/60_2017.pdf\" target=\"_blank\"><span style=\"color: #99cc00;\"><strong> 60 &#8211; 2017 Poliak Stanislav<\/strong><\/span><\/a><br \/>\n<a href=\"http:\/\/urbarhornaves.sk\/wp-content\/uploads\/61_2017.pdf\" target=\"_blank\"><span style=\"color: #99cc00;\"><strong> 61 &#8211; 2017 Kardo\u0161 H.<\/strong><\/span><\/a><br \/>\n<a href=\"http:\/\/urbarhornaves.sk\/wp-content\/uploads\/62_2017.pdf\" target=\"_blank\"><span style=\"color: #99cc00;\"><strong> 62 &#8211; 2017 Ruskov\u00e1 Nat\u00e1lia<\/strong><\/span><\/a><br \/>\n<a href=\"http:\/\/urbarhornaves.sk\/wp-content\/uploads\/63_2017.pdf\" target=\"_blank\"><span style=\"color: #99cc00;\"><strong> 63 &#8211; 2017 Tom\u00e1\u0161 Kme\u0165<\/strong><\/span><\/a><br \/>\n<a href=\"http:\/\/urbarhornaves.sk\/wp-content\/uploads\/64_2017.pdf\" target=\"_blank\"><span style=\"color: #99cc00;\"><strong> 64 &#8211; 2017 Ruskov\u00e1 Nat\u00e1lia<\/strong><\/span><\/a><br \/>\n<a href=\"http:\/\/urbarhornaves.sk\/wp-content\/uploads\/65_2017.pdf\" target=\"_blank\"><span style=\"color: #99cc00;\"><strong> 65 &#8211; 2017 Tom\u00e1\u0161 Kme\u0165<\/strong><\/span><\/a><br \/>\n<a href=\"http:\/\/urbarhornaves.sk\/wp-content\/uploads\/66_2017.pdf\" target=\"_blank\"><span style=\"color: #99cc00;\"><strong> 66 &#8211; 2017 Deviatka Vlastimil<\/strong><\/span><\/a><br \/>\n<a href=\"http:\/\/urbarhornaves.sk\/wp-content\/uploads\/67_2017.pdf\" target=\"_blank\"><span style=\"color: #99cc00;\"><strong> 67 &#8211; 2017 Mego Daniel<\/strong><\/span><\/a><br \/>\n<a href=\"http:\/\/urbarhornaves.sk\/wp-content\/uploads\/68_2017.pdf\" target=\"_blank\"><span style=\"color: #99cc00;\"><strong> 68 &#8211; 2017 Ivan Kme\u0165<\/strong><\/span><\/a><br \/>\n<a href=\"http:\/\/urbarhornaves.sk\/wp-content\/uploads\/69_2017.pdf\" target=\"_blank\"><span style=\"color: #99cc00;\"><strong> 69 &#8211; 2017 Paul\u00edna Hvojn\u00edkov\u00e1<\/strong><\/span><\/a><br \/>\n<a href=\"http:\/\/urbarhornaves.sk\/wp-content\/uploads\/70_2017.pdf\" target=\"_blank\"><span style=\"color: #99cc00;\"><strong> 70 &#8211; 2017 Paul\u00edna Hvojn\u00edkov\u00e1<\/strong><\/span><\/a><br \/>\n<a href=\"http:\/\/urbarhornaves.sk\/wp-content\/uploads\/71_2017.pdf\" target=\"_blank\"><span style=\"color: #99cc00;\"><strong> 71 &#8211; 2017 \u010cmikov\u00e1 Evka, A. Schnierer<\/strong><\/span><\/a><br \/>\n<a href=\"http:\/\/urbarhornaves.sk\/wp-content\/uploads\/72_2017.pdf\" target=\"_blank\"><span style=\"color: #99cc00;\"><strong> 72 &#8211; 2017 Angela Hvojn\u00edkov\u00e1<\/strong><\/span><\/a><br \/>\n<a href=\"http:\/\/urbarhornaves.sk\/wp-content\/uploads\/73_2017.pdf\" target=\"_blank\"><span style=\"color: #99cc00;\"><strong> 73 &#8211; 2017 Tomov\u00e1 Jozef\u00edna<\/strong><\/span><\/a><br \/>\n<a href=\"http:\/\/urbarhornaves.sk\/wp-content\/uploads\/74_2017.pdf\" target=\"_blank\"><span style=\"color: #99cc00;\"><strong> 74 &#8211; 2017 R.K. Cirkev H. Ves <\/strong><\/span><\/a><br \/>\n<a href=\"http:\/\/urbarhornaves.sk\/wp-content\/uploads\/75_2017.pdf\" target=\"_blank\"><span style=\"color: #99cc00;\"><strong> 75 &#8211; 2017 R.K. Cirkev H. Ves <\/strong><\/span><\/a><br \/>\n<a href=\"http:\/\/urbarhornaves.sk\/wp-content\/uploads\/76_2017.pdf\" target=\"_blank\"><span style=\"color: #99cc00;\"><strong> 76 &#8211; 2017 Kardo\u0161 H.<\/strong><\/span><\/a><br \/>\n<a href=\"http:\/\/urbarhornaves.sk\/wp-content\/uploads\/77_2017.pdf\" target=\"_blank\"><span style=\"color: #99cc00;\"><strong> 77 &#8211; 2017 Kardo\u0161 H.<\/strong><\/span><\/a><br \/>\n<a href=\"http:\/\/urbarhornaves.sk\/wp-content\/uploads\/78_2017.pdf\" target=\"_blank\"><span style=\"color: #99cc00;\"><strong> 78 &#8211; 2017 Ing. Poliak Franti\u0161ek, M\u00e1ria Poliakov\u00e1<\/strong><\/span><\/a><br \/>\n<a href=\"http:\/\/urbarhornaves.sk\/wp-content\/uploads\/79_2017.pdf\" target=\"_blank\"><span style=\"color: #99cc00;\"><strong> 79 &#8211; 2017 Cielnick\u00fd M. a \u010eur\u00ed\u010dek L.<\/strong><\/span><\/a><br \/>\n<a href=\"http:\/\/urbarhornaves.sk\/wp-content\/uploads\/80_2017.pdf\" target=\"_blank\"><span style=\"color: #99cc00;\"><strong> 80 &#8211; 2017 \u010cmiko \u0160tefan<\/strong><\/span><\/a><br \/>\n<a href=\"http:\/\/urbarhornaves.sk\/wp-content\/uploads\/81_2017.pdf\" target=\"_blank\"><span style=\"color: #99cc00;\"><strong> 81 &#8211; 2017 Dvorsk\u00fd Ivan<\/strong><\/span><\/a><br \/>\n<a href=\"http:\/\/urbarhornaves.sk\/wp-content\/uploads\/82_2017.pdf\" target=\"_blank\"><span style=\"color: #99cc00;\"><strong> 82 &#8211; 2017 Kme\u0165 Jozef<\/strong><\/span><\/a><br \/>\n<a href=\"http:\/\/urbarhornaves.sk\/wp-content\/uploads\/83_2017.pdf\" target=\"_blank\"><span style=\"color: #99cc00;\"><strong> 83 &#8211; 2017 Belianska M\u00e1ria<\/strong><\/span><\/a><br \/>\n<a href=\"http:\/\/urbarhornaves.sk\/wp-content\/uploads\/84_2017.pdf\" target=\"_blank\"><span style=\"color: #99cc00;\"><strong> 84 &#8211; 2017 Hoz\u00e1k Ladislav<\/strong><\/span><\/a><br \/>\n<a href=\"http:\/\/urbarhornaves.sk\/wp-content\/uploads\/85_2017.pdf\" target=\"_blank\"><span style=\"color: #99cc00;\"><strong> 85 &#8211; 2017 \u0160kodov\u00e1 Em\u00edlia<\/strong><\/span><\/a><br \/>\n<a href=\"http:\/\/urbarhornaves.sk\/wp-content\/uploads\/86_2017.pdf\" target=\"_blank\"><span style=\"color: #99cc00;\"><strong> 86 &#8211; 2017 Mgr. Bridov\u00e1 Ren\u00e1tka, Marta Poliakov\u00e1, Peter Brida<\/strong><\/span><\/a><br \/>\n<a href=\"http:\/\/urbarhornaves.sk\/wp-content\/uploads\/87_2017.pdf\" target=\"_blank\"><span style=\"color: #99cc00;\"><strong> 87 &#8211; 2017 R.K. Cirkev H. Ves<\/strong><\/span><\/a><br \/>\n<a href=\"http:\/\/urbarhornaves.sk\/wp-content\/uploads\/88_2017.pdf\" target=\"_blank\"><span style=\"color: #99cc00;\"><strong> 88 &#8211; 2017 K\u00fatny Juraj <\/strong><\/span><\/a><br \/>\n<a href=\"http:\/\/urbarhornaves.sk\/wp-content\/uploads\/89_2017.pdf\" target=\"_blank\"><span style=\"color: #99cc00;\"><strong> 89 &#8211; 2017 Kardo\u0161 Henrich<\/strong><\/span><\/a><br \/>\n<a href=\"http:\/\/urbarhornaves.sk\/wp-content\/uploads\/90_2017.pdf\" target=\"_blank\"><span style=\"color: #99cc00;\"><strong> 90 &#8211; 2017 Pover 45 s.r.o. <\/strong><\/span><\/a><br \/>\n<a href=\"http:\/\/urbarhornaves.sk\/wp-content\/uploads\/91_2017.pdf\" target=\"_blank\"><span style=\"color: #99cc00;\"><strong> 91 &#8211; 2017 Marcel \u010cmiko, Ing. <\/strong><\/span><\/a><br \/>\n<a href=\"http:\/\/urbarhornaves.sk\/wp-content\/uploads\/92_2017.pdf\" target=\"_blank\"><span style=\"color: #99cc00;\"><strong> 92 &#8211; 2017 R.K. Cirkev H. Ves <\/strong><\/span><\/a><br \/>\n<a href=\"http:\/\/urbarhornaves.sk\/wp-content\/uploads\/93_2017.pdf\" target=\"_blank\"><span style=\"color: #99cc00;\"><strong> 93 &#8211; 2017 K\u00fatny Juraj<\/strong><\/span><\/a><br \/>\n<a href=\"http:\/\/urbarhornaves.sk\/wp-content\/uploads\/94_2017.pdf\" target=\"_blank\"><span style=\"color: #99cc00;\"><strong> 94 &#8211; 2017 Dvorsk\u00fd Pavel st. <\/strong><\/span><\/a><br \/>\n<a href=\"http:\/\/urbarhornaves.sk\/wp-content\/uploads\/95_2017.pdf\" target=\"_blank\"><span style=\"color: #99cc00;\"><strong> 95 &#8211; 2017 Barto\u0161 Juraj a spol&#8230;<\/strong><\/span><\/a><br \/>\n<a href=\"http:\/\/urbarhornaves.sk\/wp-content\/uploads\/96_2017.pdf\" target=\"_blank\"><span style=\"color: #99cc00;\"><strong> 96 &#8211; 2017 Pover 45 s.r.o.<\/strong><\/span><\/a><\/p>\n","protected":false},"excerpt":{"rendered":"<p>1\u00a0&#8211;\u00a02017 Slivka Miroslav Rudica 2\u00a0&#8211;\u00a02017 StonWood Oslany 3\u00a0&#8211;\u00a02017 Viedie\u010dan Marek 4\u00a0&#8211; 2017 Dvorsk\u00fd Ivan UR sklad 5\u00a0&#8211;\u00a02017 Rudolf Valter UR Sklad 6\u00a0&#8211;\u00a02017 Poliak Juraj Nov\u00e1ky UR Sklad 7\u00a0&#8211;\u00a02017 Belianska M\u00e1ria Kola\u010dno, Poliak Mari\u00e1n H. Ves 8 &#8211; 2017 R.K.Cirkev Horn\u00e1 Ves 9 &#8211; 2017 Ruskov\u00e1 Nat\u00e1lia 10 &#8211; 2017 Milan Poliak 11 &#8211; 2017 R.K.Cirkev [&hellip;]<\/p>\n","protected":false},"author":1,"featured_media":0,"parent":272,"menu_order":0,"comment_status":"closed","ping_status":"closed","template":"","meta":[],"_links":{"self":[{"href":"http:\/\/urbarhornaves.sk\/index.php?rest_route=\/wp\/v2\/pages\/707"}],"collection":[{"href":"http:\/\/urbarhornaves.sk\/index.php?rest_route=\/wp\/v2\/pages"}],"about":[{"href":"http:\/\/urbarhornaves.sk\/index.php?rest_route=\/wp\/v2\/types\/page"}],"author":[{"embeddable":true,"href":"http:\/\/urbarhornaves.sk\/index.php?rest_route=\/wp\/v2\/users\/1"}],"replies":[{"embeddable":true,"href":"http:\/\/urbarhornaves.sk\/index.php?rest_route=%2Fwp%2Fv2%2Fcomments&post=707"}],"version-history":[{"count":8,"href":"http:\/\/urbarhornaves.sk\/index.php?rest_route=\/wp\/v2\/pages\/707\/revisions"}],"predecessor-version":[{"id":817,"href":"http:\/\/urbarhornaves.sk\/index.php?rest_route=\/wp\/v2\/pages\/707\/revisions\/817"}],"up":[{"embeddable":true,"href":"http:\/\/urbarhornaves.sk\/index.php?rest_route=\/wp\/v2\/pages\/272"}],"wp:attachment":[{"href":"http:\/\/urbarhornaves.sk\/index.php?rest_route=%2Fwp%2Fv2%2Fmedia&parent=707"}],"curies":[{"name":"wp","href":"https:\/\/api.w.org\/{rel}","templated":true}]}}