{"id":866,"date":"2018-04-18T19:17:11","date_gmt":"2018-04-18T17:17:11","guid":{"rendered":"http:\/\/urbarhornaves.sk\/?page_id=866"},"modified":"2018-12-22T21:43:45","modified_gmt":"2018-12-22T19:43:45","slug":"faktury-vystavene-rok-2018","status":"publish","type":"page","link":"http:\/\/urbarhornaves.sk\/?page_id=866","title":{"rendered":"Fakt\u00fary vystaven\u00e9 \u2013 rok 2018"},"content":{"rendered":"<p><a href=\"http:\/\/urbarhornaves.sk\/wp-content\/uploads\/1_2018.pdf\" target=\"_blank\"><span style=\"color: #99cc00;\"><strong> 1 &#8211; 2018 Kardos H. UR Sklad Vl\u00e1knina<\/strong><\/span><\/a><br \/>\n<a href=\"http:\/\/urbarhornaves.sk\/wp-content\/uploads\/2_2018.pdf\" target=\"_blank\"><span style=\"color: #99cc00;\"><strong> 2 &#8211; 2018 Pover 45 s.r.o.<\/strong><\/span><\/a><br \/>\n<a href=\"http:\/\/urbarhornaves.sk\/wp-content\/uploads\/3_2018.pdf\" target=\"_blank\"><span style=\"color: #99cc00;\"><strong> 3 &#8211; 2018 Pover 45 s.r.o.<\/strong><\/span><\/a><br \/>\n<a href=\"http:\/\/urbarhornaves.sk\/wp-content\/uploads\/4_2018.pdf\" target=\"_blank\"><span style=\"color: #99cc00;\"><strong> 4 &#8211; 2018 Pover 45 s.r.o.<\/strong><\/span><\/a><br \/>\n<a href=\"http:\/\/urbarhornaves.sk\/wp-content\/uploads\/5_2018.pdf\" target=\"_blank\"><span style=\"color: #99cc00;\"><strong> 5 &#8211; 2018 Rim.Kat. Cirkev H. Ves<\/strong><\/span><\/a><br \/>\n<a href=\"http:\/\/urbarhornaves.sk\/wp-content\/uploads\/6_2018.pdf\" target=\"_blank\"><span style=\"color: #99cc00;\"><strong> 6 &#8211; 2018 Du\u0161an Dani\u0161 Cerov\u00e1<\/strong><\/span><\/a><br \/>\n<a href=\"http:\/\/urbarhornaves.sk\/wp-content\/uploads\/7_2018.pdf\" target=\"_blank\"><span style=\"color: #99cc00;\"><strong> 7 &#8211; 2018 Deviatka V. UR Sklad Star\u00fd H\u00e1j<\/strong><\/span><\/a><br \/>\n<a href=\"http:\/\/urbarhornaves.sk\/wp-content\/uploads\/8_2018.pdf\" target=\"_blank\"><span style=\"color: #99cc00;\"><strong> 8 &#8211; 2018 Kobes Milan, Moko\u0161ov\u00e1 Janka<\/strong><\/span><\/a><br \/>\n<a href=\"http:\/\/urbarhornaves.sk\/wp-content\/uploads\/9_2018.pdf\" target=\"_blank\"><span style=\"color: #99cc00;\"><strong> 9 &#8211; 2018 Dvorsk\u00fd Ivan UR Sklad<\/strong><\/span><\/a><br \/>\n<a href=\"http:\/\/urbarhornaves.sk\/wp-content\/uploads\/10_2018.pdf\" target=\"_blank\"><span style=\"color: #99cc00;\"><strong> 10 &#8211; 2018 Rim.Kat. Cirkev H. Ves<\/strong><\/span><\/a><br \/>\n<a href=\"http:\/\/urbarhornaves.sk\/wp-content\/uploads\/11_2018.pdf\" target=\"_blank\"><span style=\"color: #99cc00;\"><strong> 11 &#8211; 2018 Rim.Kat. Cirkev H. Ves<\/strong><\/span><\/a><br \/>\n<a href=\"http:\/\/urbarhornaves.sk\/wp-content\/uploads\/12_2018.pdf\" target=\"_blank\"><span style=\"color: #99cc00;\"><strong> 12 &#8211; 2018 Pover 45 s.r.o.<\/strong><\/span><\/a><br \/>\n<a href=\"http:\/\/urbarhornaves.sk\/wp-content\/uploads\/13_2018.pdf\" target=\"_blank\"><span style=\"color: #99cc00;\"><strong> 13 &#8211; 2018 Pover 45 s.r.o.<\/strong><\/span><\/a><br \/>\n<a href=\"http:\/\/urbarhornaves.sk\/wp-content\/uploads\/14_2018.pdf\" target=\"_blank\"><span style=\"color: #99cc00;\"><strong> 14 &#8211; 2018 Rim.Kat. Cirkev H. Ves<\/strong><\/span><\/a><br \/>\n<a href=\"http:\/\/urbarhornaves.sk\/wp-content\/uploads\/15_2018.pdf\" target=\"_blank\"><span style=\"color: #99cc00;\"><strong> 15 &#8211; 2018 Rim.Kat. Cirkev H. Ves<\/strong><\/span><\/a><br \/>\n<a href=\"http:\/\/urbarhornaves.sk\/wp-content\/uploads\/16_2018.pdf\" target=\"_blank\"><span style=\"color: #99cc00;\"><strong> 16 &#8211; 2018 Rim.Kat. Cirkev H. Ves<\/strong><\/span><\/a><br \/>\n<a href=\"http:\/\/urbarhornaves.sk\/wp-content\/uploads\/17_2018.pdf\" target=\"_blank\"><span style=\"color: #99cc00;\"><strong> 17 &#8211; 2018 Dvorsk\u00fd Ivan<\/strong><\/span><\/a><br \/>\n<a href=\"http:\/\/urbarhornaves.sk\/wp-content\/uploads\/18_2018.pdf\" target=\"_blank\"><span style=\"color: #99cc00;\"><strong> 18 &#8211; 2018 Evka Kme\u0165ov\u00e1<\/strong><\/span><\/a><br \/>\n<a href=\"http:\/\/urbarhornaves.sk\/wp-content\/uploads\/19_2018.pdf\" target=\"_blank\"><span style=\"color: #99cc00;\"><strong> 19 &#8211; 2018 Poliak Mari\u00e1n, Belianska M\u00e1ria<\/strong><\/span><\/a><br \/>\n<a href=\"http:\/\/urbarhornaves.sk\/wp-content\/uploads\/20_2018.pdf\" target=\"_blank\"><span style=\"color: #99cc00;\"><strong> 20 &#8211; 2018 \u0160kodov\u00e1 Em\u00edlia, Bukovianska \u013dudmila<\/strong><\/span><\/a><br \/>\n<a href=\"http:\/\/urbarhornaves.sk\/wp-content\/uploads\/21_2018.pdf\" target=\"_blank\"><span style=\"color: #99cc00;\"><strong> 21 &#8211; 2018 Kme\u0165ov\u00e1 Evka<\/strong><\/span><\/a><br \/>\n<a href=\"http:\/\/urbarhornaves.sk\/wp-content\/uploads\/22_2018.pdf\" target=\"_blank\"><span style=\"color: #99cc00;\"><strong> 22 &#8211; 2018 Jamri\u0161kov\u00e1 Erika<\/strong><\/span><\/a><br \/>\n<a href=\"http:\/\/urbarhornaves.sk\/wp-content\/uploads\/23_2018.pdf\" target=\"_blank\"><span style=\"color: #99cc00;\"><strong> 23 &#8211; 2018 Vladim\u00edr Poliak<\/strong><\/span><\/a><br \/>\n<a href=\"http:\/\/urbarhornaves.sk\/wp-content\/uploads\/24_2018.pdf\" target=\"_blank\"><span style=\"color: #99cc00;\"><strong> 24 &#8211; 2018 Ing. Folt\u00e1n \u0160tefan<\/strong><\/span><\/a><br \/>\n<a href=\"http:\/\/urbarhornaves.sk\/wp-content\/uploads\/25_2018.pdf\" target=\"_blank\"><span style=\"color: #99cc00;\"><strong> 25 &#8211; 2018 Pover 45 s.r.o.<\/strong><\/span><\/a><br \/>\n<a href=\"http:\/\/urbarhornaves.sk\/wp-content\/uploads\/26_2018.pdf\" target=\"_blank\"><span style=\"color: #99cc00;\"><strong> 26 &#8211; 2018 Pover 45 s.r.o.<\/strong><\/span><\/a><br \/>\n<a href=\"http:\/\/urbarhornaves.sk\/wp-content\/uploads\/27_2018.pdf\" target=\"_blank\"><span style=\"color: #99cc00;\"><strong> 27 &#8211; 2018 Rudolf Valter<\/strong><\/span><\/a><br \/>\n<a href=\"http:\/\/urbarhornaves.sk\/wp-content\/uploads\/28_2018.pdf\" target=\"_blank\"><span style=\"color: #99cc00;\"><strong> 28 &#8211; 2018 Gubkov\u00e1 Marta, Jamri\u0161ka \u0160.<\/strong><\/span><\/a><br \/>\n<a href=\"http:\/\/urbarhornaves.sk\/wp-content\/uploads\/29_2018.pdf\" target=\"_blank\"><span style=\"color: #99cc00;\"><strong> 29 &#8211; 2018 J\u00falius Poliak<\/strong><\/span><\/a><br \/>\n<a href=\"http:\/\/urbarhornaves.sk\/wp-content\/uploads\/30_2018.pdf\" target=\"_blank\"><span style=\"color: #99cc00;\"><strong> 30 &#8211; 2018 Milan Poliak<\/strong><\/span><\/a><br \/>\n<a href=\"http:\/\/urbarhornaves.sk\/wp-content\/uploads\/31_2018.pdf\" target=\"_blank\"><span style=\"color: #99cc00;\"><strong> 31 &#8211; 2018 Dvorsk\u00fd Ivan<\/strong><\/span><\/a><br \/>\n<a href=\"http:\/\/urbarhornaves.sk\/wp-content\/uploads\/32_2018.pdf\" target=\"_blank\"><span style=\"color: #99cc00;\"><strong> 32 &#8211; 2018 Rim.Kat. Cirkev H. Ves<\/strong><\/span><\/a><br \/>\n<a href=\"http:\/\/urbarhornaves.sk\/wp-content\/uploads\/33_2018.pdf\" target=\"_blank\"><span style=\"color: #99cc00;\"><strong> 33 &#8211; 2018 Rim.Kat. Cirkev H. Ves<\/strong><\/span><\/a><br \/>\n<a href=\"http:\/\/urbarhornaves.sk\/wp-content\/uploads\/34_2018.pdf\" target=\"_blank\"><span style=\"color: #99cc00;\"><strong> 34 &#8211; 2018 M\u00e1ria Poliakov\u00e1<\/strong><\/span><\/a><br \/>\n<a href=\"http:\/\/urbarhornaves.sk\/wp-content\/uploads\/35_2018.pdf\" target=\"_blank\"><span style=\"color: #99cc00;\"><strong> 35 &#8211; 2018 Valenteje \u0160tafan a Katar\u00edna<\/strong><\/span><\/a><br \/>\n<a href=\"http:\/\/urbarhornaves.sk\/wp-content\/uploads\/36_2018.pdf\" target=\"_blank\"><span style=\"color: #99cc00;\"><strong> 36 &#8211; 2018 Miroslav Matia\u0161<\/strong><\/span><\/a><br \/>\n<a href=\"http:\/\/urbarhornaves.sk\/wp-content\/uploads\/37_2018.pdf\" target=\"_blank\"><span style=\"color: #99cc00;\"><strong> 37 &#8211; 2018 StonWood s.r.o.<\/strong><\/span><\/a><br \/>\n<a href=\"http:\/\/urbarhornaves.sk\/wp-content\/uploads\/38_2018.pdf\" target=\"_blank\"><span style=\"color: #99cc00;\"><strong> 38 &#8211; 2018 Kme\u0165 Ivan<\/strong><\/span><\/a><br \/>\n<a href=\"http:\/\/urbarhornaves.sk\/wp-content\/uploads\/39_2018.pdf\" target=\"_blank\"><span style=\"color: #99cc00;\"><strong> 39 &#8211; 2018 Dvorsk\u00fd Ivan<\/strong><\/span><\/a><br \/>\n<a href=\"http:\/\/urbarhornaves.sk\/wp-content\/uploads\/40_2018.pdf\" target=\"_blank\"><span style=\"color: #99cc00;\"><strong> 40 &#8211; 2018 Chalmoviansky J\u00e1n<\/strong><\/span><\/a><br \/>\n<a href=\"http:\/\/urbarhornaves.sk\/wp-content\/uploads\/41_2018.pdf\" target=\"_blank\"><span style=\"color: #99cc00;\"><strong> 41 &#8211; 2018 Zelenka Peter<\/strong><\/span><\/a><br \/>\n<a href=\"http:\/\/urbarhornaves.sk\/wp-content\/uploads\/42_2018.pdf\" target=\"_blank\"><span style=\"color: #99cc00;\"><strong> 42 &#8211; 2018 Hoz\u00e1k Mari\u00e1n<\/strong><\/span><\/a><br \/>\n<a href=\"http:\/\/urbarhornaves.sk\/wp-content\/uploads\/43_2018.pdf\" target=\"_blank\"><span style=\"color: #99cc00;\"><strong> 43 &#8211; 2018 Ruskov\u00e1 Nat\u00e1lia<\/strong><\/span><\/a><br \/>\n<a href=\"http:\/\/urbarhornaves.sk\/wp-content\/uploads\/44_2018.pdf\" target=\"_blank\"><span style=\"color: #99cc00;\"><strong> 44 &#8211; 2018 Andrea Karakov\u00e1, E. Cig\u00e1nkov\u00e1<\/strong><\/span><\/a><br \/>\n<a href=\"http:\/\/urbarhornaves.sk\/wp-content\/uploads\/45_2018.pdf\" target=\"_blank\"><span style=\"color: #99cc00;\"><strong> 45 &#8211; 2018 Rim.Kat. Cirkev H. Ves<\/strong><\/span><\/a><br \/>\n<a href=\"http:\/\/urbarhornaves.sk\/wp-content\/uploads\/46_2018.pdf\" target=\"_blank\"><span style=\"color: #99cc00;\"><strong> 46 &#8211; 2018 Paulinka Hvojn\u00edkov\u00e1<\/strong><\/span><\/a><br \/>\n<a href=\"http:\/\/urbarhornaves.sk\/wp-content\/uploads\/47_2018.pdf\" target=\"_blank\"><span style=\"color: #99cc00;\"><strong> 47 &#8211; 2018 Mari\u00e1n \u0160est\u00e1k<\/strong><\/span><\/a><br \/>\n<a href=\"http:\/\/urbarhornaves.sk\/wp-content\/uploads\/48_2018.pdf\" target=\"_blank\"><span style=\"color: #99cc00;\"><strong> 48 &#8211; 2018 Jankula Jozef<\/strong><\/span><\/a><br \/>\n<a href=\"http:\/\/urbarhornaves.sk\/wp-content\/uploads\/49_2018.pdf\" target=\"_blank\"><span style=\"color: #99cc00;\"><strong> 49 &#8211; 2018 Pavel a Jozef\u00edna Schniere<\/strong><\/span><\/a><br \/>\n<a href=\"http:\/\/urbarhornaves.sk\/wp-content\/uploads\/50_2018.pdf\" target=\"_blank\"><span style=\"color: #99cc00;\"><strong> 50 &#8211; 2018 Kobes Anton<\/strong><\/span><\/a><br \/>\n<a href=\"http:\/\/urbarhornaves.sk\/wp-content\/uploads\/51_2018.pdf\" target=\"_blank\"><span style=\"color: #99cc00;\"><strong> 51 &#8211; 2018 Hoz\u00e1k Ladislav <\/strong><\/span><\/a><br \/>\n<a href=\"http:\/\/urbarhornaves.sk\/wp-content\/uploads\/52_2018.pdf\" target=\"_blank\"><span style=\"color: #99cc00;\"><strong> 52 &#8211; 2018 Anton Schnierer<\/strong><\/span><\/a><br \/>\n<a href=\"http:\/\/urbarhornaves.sk\/wp-content\/uploads\/53_2018.pdf\" target=\"_blank\"><span style=\"color: #99cc00;\"><strong> 53 &#8211; 2018 Beliansk\u00e1 Anna<\/strong><\/span><\/a><br \/>\n<a href=\"http:\/\/urbarhornaves.sk\/wp-content\/uploads\/54_2018.pdf\" target=\"_blank\"><span style=\"color: #99cc00;\"><strong> 54 &#8211; 2018 \u0160tefan \u010cmiko st.<\/strong><\/span><\/a><br \/>\n<a href=\"http:\/\/urbarhornaves.sk\/wp-content\/uploads\/55_2018.pdf\" target=\"_blank\"><span style=\"color: #99cc00;\"><strong> 55 &#8211; 2018 Milan Poljak st.+ ml.<\/strong><\/span><\/a><br \/>\n<a href=\"http:\/\/urbarhornaves.sk\/wp-content\/uploads\/56_2018.pdf\" target=\"_blank\"><span style=\"color: #99cc00;\"><strong> 56 &#8211; 2018 Viedie\u010dan Marek<\/strong><\/span><\/a><br \/>\n<a href=\"http:\/\/urbarhornaves.sk\/wp-content\/uploads\/57_2018.pdf\" target=\"_blank\"><span style=\"color: #99cc00;\"><strong> 57 &#8211; 2018 Va\u017eanov\u00e1 Gabriela<\/strong><\/span><\/a><br \/>\n<a href=\"http:\/\/urbarhornaves.sk\/wp-content\/uploads\/58_2018.pdf\" target=\"_blank\"><span style=\"color: #99cc00;\"><strong> 58 &#8211; 2018 \u0164apu\u0161kov\u00e1 Helenka<\/strong><\/span><\/a><br \/>\n<a href=\"http:\/\/urbarhornaves.sk\/wp-content\/uploads\/59_2018.pdf\" target=\"_blank\"><span style=\"color: #99cc00;\"><strong> 59 &#8211; 2018 Vidie\u010dan Marek<\/strong><\/span><\/a><br \/>\n<a href=\"http:\/\/urbarhornaves.sk\/wp-content\/uploads\/60_2018.pdf\" target=\"_blank\"><span style=\"color: #99cc00;\"><strong> 60 &#8211; 2018 Rim.Kat. Cirkev H. Ves<\/strong><\/span><\/a><br \/>\n<a href=\"http:\/\/urbarhornaves.sk\/wp-content\/uploads\/61_2018.pdf\" target=\"_blank\"><span style=\"color: #99cc00;\"><strong> 61 &#8211; 2018 \u0160vecov\u00e1 M\u00e1ria<\/strong><\/span><\/a><br \/>\n<a href=\"http:\/\/urbarhornaves.sk\/wp-content\/uploads\/62_2018.pdf\" target=\"_blank\"><span style=\"color: #99cc00;\"><strong> 62 &#8211; 2018 Jan\u010dich Jozef<\/strong><\/span><\/a><br \/>\n<a href=\"http:\/\/urbarhornaves.sk\/wp-content\/uploads\/63_2018.pdf\" target=\"_blank\"><span style=\"color: #99cc00;\"><strong> 63 &#8211; 2018 Jamri\u0161ka Peter<\/strong><\/span><\/a><br \/>\n<a href=\"http:\/\/urbarhornaves.sk\/wp-content\/uploads\/64_2018.pdf\" target=\"_blank\"><span style=\"color: #99cc00;\"><strong> 64 &#8211; 2018 Vidie\u010dan Marek<\/strong><\/span><\/a><br \/>\n<a href=\"http:\/\/urbarhornaves.sk\/wp-content\/uploads\/65_2018.pdf\" target=\"_blank\"><span style=\"color: #99cc00;\"><strong> 65 &#8211; 2018 Jan\u010dich \u0160tefan<\/strong><\/span><\/a><br \/>\n<a href=\"http:\/\/urbarhornaves.sk\/wp-content\/uploads\/66_2018.pdf\" target=\"_blank\"><span style=\"color: #99cc00;\"><strong> 66 &#8211; 2018 Jamri\u0161ka Vladislav<\/strong><\/span><\/a><br \/>\n<a href=\"http:\/\/urbarhornaves.sk\/wp-content\/uploads\/67_-2018.pdf\" target=\"_blank\"><span style=\"color: #99cc00;\"><strong> 67 &#8211; 2018 Hoz\u00e1k Jozef<\/strong><\/span><\/a><br \/>\n<a href=\"http:\/\/urbarhornaves.sk\/wp-content\/uploads\/68_2018.pdf\" target=\"_blank\"><span style=\"color: #99cc00;\"><strong> 68 &#8211; 2018 Jamri\u0161ka Jozef<\/strong><\/span><\/a><br \/>\n<a href=\"http:\/\/urbarhornaves.sk\/wp-content\/uploads\/69_2018.pdf\" target=\"_blank\"><span style=\"color: #99cc00;\"><strong> 69 &#8211; 2018 Za\u0165ko J\u00e1n<\/strong><\/span><\/a><br \/>\n<a href=\"http:\/\/urbarhornaves.sk\/wp-content\/uploads\/70_2018.pdf\" target=\"_blank\"><span style=\"color: #99cc00;\"><strong> 70 &#8211; 2018 Ko\u0161ian Ivan<\/strong><\/span><\/a><br \/>\n<a href=\"http:\/\/urbarhornaves.sk\/wp-content\/uploads\/71_2018.pdf\" target=\"_blank\"><span style=\"color: #99cc00;\"><strong> 71 &#8211; 2018 Jankula J\u00e1n<\/strong><\/span><\/a><br \/>\n<a href=\"http:\/\/urbarhornaves.sk\/wp-content\/uploads\/72_2018.pdf\" target=\"_blank\"><span style=\"color: #99cc00;\"><strong> 72 &#8211; 2018 Poliak Stanislav<\/strong><\/span><\/a><br \/>\n<a href=\"http:\/\/urbarhornaves.sk\/wp-content\/uploads\/73_2018.pdf\" target=\"_blank\"><span style=\"color: #99cc00;\"><strong> 73 &#8211; 2018 Dvorsk\u00fd Ivan<\/strong><\/span><\/a><br \/>\n<a href=\"http:\/\/urbarhornaves.sk\/wp-content\/uploads\/74_2018.pdf\" target=\"_blank\"><span style=\"color: #99cc00;\"><strong> 74 &#8211; 2018 Vidie\u010dan Marek<\/strong><\/span><\/a><br \/>\n<a href=\"http:\/\/urbarhornaves.sk\/wp-content\/uploads\/75_2018.pdf\" target=\"_blank\"><span style=\"color: #99cc00;\"><strong> 75 &#8211; 2018 Matia\u0161 Miroslav<\/strong><\/span><\/a><br \/>\n<a href=\"http:\/\/urbarhornaves.sk\/wp-content\/uploads\/76_2018.pdf\" target=\"_blank\"><span style=\"color: #99cc00;\"><strong> 76 &#8211; 2018 K\u00fatny Juraj<\/strong><\/span><\/a><br \/>\n<a href=\"http:\/\/urbarhornaves.sk\/wp-content\/uploads\/77_2018.pdf\" target=\"_blank\"><span style=\"color: #99cc00;\"><strong> 77 &#8211; 2018 Zelen\u00edkov\u00e1 Miroslava<\/strong><\/span><\/a><br \/>\n<a href=\"http:\/\/urbarhornaves.sk\/wp-content\/uploads\/78_2018.pdf\" target=\"_blank\"><span style=\"color: #99cc00;\"><strong> 78 &#8211; 2018 Brida Peter<\/strong><\/span><\/a><br \/>\n<a href=\"http:\/\/urbarhornaves.sk\/wp-content\/uploads\/79_2018.pdf\" target=\"_blank\"><span style=\"color: #99cc00;\"><strong> 79 &#8211; 2018 K\u00fatny Juraj<\/strong><\/span><\/a><br \/>\n<a href=\"http:\/\/urbarhornaves.sk\/wp-content\/uploads\/80_2018.pdf\" target=\"_blank\"><span style=\"color: #99cc00;\"><strong> 80 &#8211; 2018 Dvorsk\u00fd Ivan<\/strong><\/span><\/a><br \/>\n<a href=\"http:\/\/urbarhornaves.sk\/wp-content\/uploads\/81_2018.pdf\" target=\"_blank\"><span style=\"color: #99cc00;\"><strong> 81 &#8211; 2018 Ruskov\u00e1 Nat\u00e1lia<\/strong><\/span><\/a><br \/>\n<a href=\"http:\/\/urbarhornaves.sk\/wp-content\/uploads\/82_2018.pdf\" target=\"_blank\"><span style=\"color: #99cc00;\"><strong> 82 &#8211; 2018 Kme\u0165 Ivan<\/strong><\/span><\/a><br \/>\n<a href=\"http:\/\/urbarhornaves.sk\/wp-content\/uploads\/83_2018.pdf\" target=\"_blank\"><span style=\"color: #99cc00;\"><strong> 83 &#8211; 2018 Dvorsk\u00fd Ivan<\/strong><\/span><\/a><br \/>\n<a href=\"http:\/\/urbarhornaves.sk\/wp-content\/uploads\/84_2018.pdf\" target=\"_blank\"><span style=\"color: #99cc00;\"><strong> 84 &#8211; 2018 Barto\u0161 J\u00e1n<\/strong><\/span><\/a><a href=\"http:\/\/urbarhornaves.sk\/wp-content\/uploads\/85_2018.pdf\" target=\"_blank\"><span style=\"color: #99cc00;\"><br \/>\n<strong> 85 &#8211; 2018 Dvorsk\u00fd Ivan<\/strong><\/span><\/a><br \/>\n<a href=\"http:\/\/urbarhornaves.sk\/wp-content\/uploads\/86_2018.pdf\" target=\"_blank\"><span style=\"color: #99cc00;\"><strong> 86 &#8211; 2018 \u010cmiko \u0160tefan<\/strong><\/span><\/a><br \/>\n<a href=\"http:\/\/urbarhornaves.sk\/wp-content\/uploads\/87_2018.pdf\" target=\"_blank\"><span style=\"color: #99cc00;\"><strong> 87 &#8211; 2018 L\u00e1bov\u00e1 M\u00e1ria<\/strong><\/span><\/a><br \/>\n<a href=\"http:\/\/urbarhornaves.sk\/wp-content\/uploads\/88_2018.pdf\" target=\"_blank\"><span style=\"color: #99cc00;\"><strong> 88 &#8211; 2018 Tomov\u00e1 Jozef\u00edna<\/strong><\/span><\/a><br \/>\n<a href=\"http:\/\/urbarhornaves.sk\/wp-content\/uploads\/89_2018.pdf\" target=\"_blank\"><span style=\"color: #99cc00;\"><strong> 89 &#8211; 2018 Belisov\u00e1 Gabriela<\/strong><\/span><\/a><br \/>\n<a href=\"http:\/\/urbarhornaves.sk\/wp-content\/uploads\/90_2018.pdf\" target=\"_blank\"><span style=\"color: #99cc00;\"><strong> 90 &#8211; 2018 Belis Martin<\/strong><\/span><\/a><br \/>\n<a href=\"http:\/\/urbarhornaves.sk\/wp-content\/uploads\/91_2018.pdf\" target=\"_blank\"><span style=\"color: #99cc00;\"><strong> 91 &#8211; 2018 Urbanov\u00e1 Jarmila<\/strong><\/span><\/a><br \/>\n<a href=\"http:\/\/urbarhornaves.sk\/wp-content\/uploads\/92_2018.pdf\" target=\"_blank\"><span style=\"color: #99cc00;\"><strong> 92 &#8211; 2018 Ruskov\u00e1 Nat\u00e1lia<\/strong><\/span><\/a><br \/>\n<a href=\"http:\/\/urbarhornaves.sk\/wp-content\/uploads\/93_2018.pdf\" target=\"_blank\"><span style=\"color: #99cc00;\"><strong> 93 &#8211; 2018 Rim.Kat. Cirkev H. Ves<\/strong><\/span><\/a><br \/>\n<a href=\"http:\/\/urbarhornaves.sk\/wp-content\/uploads\/94_2018.pdf\" target=\"_blank\"><span style=\"color: #99cc00;\"><strong> 94 &#8211; 2018 Hoz\u00e1k Vladislav<\/strong><\/span><\/a><br \/>\n<a href=\"http:\/\/urbarhornaves.sk\/wp-content\/uploads\/95_2018.pdf\" target=\"_blank\"><span style=\"color: #99cc00;\"><strong> 95 &#8211; 2018 Pover<\/strong><\/span><\/a><br \/>\n<a href=\"http:\/\/urbarhornaves.sk\/wp-content\/uploads\/96_2018.pdf\" target=\"_blank\"><span style=\"color: #99cc00;\"><strong> 96 &#8211; 2018 Labov\u00e1 M\u00e1ria<\/strong><\/span><\/a><br \/>\n<a href=\"http:\/\/urbarhornaves.sk\/wp-content\/uploads\/97_2018.pdf\" target=\"_blank\"><span style=\"color: #99cc00;\"><strong> 97 &#8211; 2018 Kme\u0165 Tom\u00e1\u0161<\/strong><\/span><\/a><br \/>\n<a href=\"http:\/\/urbarhornaves.sk\/wp-content\/uploads\/98_2018.pdf\" target=\"_blank\"><span style=\"color: #99cc00;\"><strong> 98 &#8211; 2018 Ruskov\u00e1 Nat\u00e1lia<\/strong><\/span><\/a><br \/>\n<a href=\"http:\/\/urbarhornaves.sk\/wp-content\/uploads\/99_2018.pdf\" target=\"_blank\"><span style=\"color: #99cc00;\"><strong> 99 &#8211; 2018 Vidie\u010dan Marek<\/strong><\/span><\/a><br \/>\n<a href=\"http:\/\/urbarhornaves.sk\/wp-content\/uploads\/100_2018.pdf\" target=\"_blank\"><span style=\"color: #99cc00;\"><strong> 100 &#8211; 2018 Poliak Franti\u0161ek ml.<\/strong><\/span><\/a><br \/>\n<a href=\"http:\/\/urbarhornaves.sk\/wp-content\/uploads\/101_2018.pdf\" target=\"_blank\"><span style=\"color: #99cc00;\"><strong> 101 &#8211; 2018 \u010cmiko \u0160tefan<\/strong><\/span><\/a><br \/>\n<a href=\"http:\/\/urbarhornaves.sk\/wp-content\/uploads\/102_2018.pdf\" target=\"_blank\"><span style=\"color: #99cc00;\"><strong> 102 &#8211; 2018 Kme\u0165 Tom\u00e1\u0161<\/strong><\/span><\/a><\/p>\n","protected":false},"excerpt":{"rendered":"<p>1 &#8211; 2018 Kardos H. UR Sklad Vl\u00e1knina 2 &#8211; 2018 Pover 45 s.r.o. 3 &#8211; 2018 Pover 45 s.r.o. 4 &#8211; 2018 Pover 45 s.r.o. 5 &#8211; 2018 Rim.Kat. Cirkev H. Ves 6 &#8211; 2018 Du\u0161an Dani\u0161 Cerov\u00e1 7 &#8211; 2018 Deviatka V. UR Sklad Star\u00fd H\u00e1j 8 &#8211; 2018 Kobes Milan, Moko\u0161ov\u00e1 Janka [&hellip;]<\/p>\n","protected":false},"author":1,"featured_media":0,"parent":272,"menu_order":0,"comment_status":"closed","ping_status":"closed","template":"","meta":[],"_links":{"self":[{"href":"http:\/\/urbarhornaves.sk\/index.php?rest_route=\/wp\/v2\/pages\/866"}],"collection":[{"href":"http:\/\/urbarhornaves.sk\/index.php?rest_route=\/wp\/v2\/pages"}],"about":[{"href":"http:\/\/urbarhornaves.sk\/index.php?rest_route=\/wp\/v2\/types\/page"}],"author":[{"embeddable":true,"href":"http:\/\/urbarhornaves.sk\/index.php?rest_route=\/wp\/v2\/users\/1"}],"replies":[{"embeddable":true,"href":"http:\/\/urbarhornaves.sk\/index.php?rest_route=%2Fwp%2Fv2%2Fcomments&post=866"}],"version-history":[{"count":15,"href":"http:\/\/urbarhornaves.sk\/index.php?rest_route=\/wp\/v2\/pages\/866\/revisions"}],"predecessor-version":[{"id":1020,"href":"http:\/\/urbarhornaves.sk\/index.php?rest_route=\/wp\/v2\/pages\/866\/revisions\/1020"}],"up":[{"embeddable":true,"href":"http:\/\/urbarhornaves.sk\/index.php?rest_route=\/wp\/v2\/pages\/272"}],"wp:attachment":[{"href":"http:\/\/urbarhornaves.sk\/index.php?rest_route=%2Fwp%2Fv2%2Fmedia&parent=866"}],"curies":[{"name":"wp","href":"https:\/\/api.w.org\/{rel}","templated":true}]}}